{"id":921,"date":"2015-06-15T22:05:23","date_gmt":"2015-06-15T22:05:23","guid":{"rendered":"http:\/\/hostalnativo.cl\/es\/?page_id=921"},"modified":"2015-06-15T22:50:58","modified_gmt":"2015-06-15T22:50:58","slug":"cabanas-aires-patagonicos-2-y-3","status":"publish","type":"page","link":"https:\/\/hostalnativo.cl\/es\/?page_id=921","title":{"rendered":"CABA\u00d1AS AIRES PATAGONICOS 2 Y 3"},"content":{"rendered":"<p>Estas caba\u00f1as se encuentran ubicadas a 4 cuadras de la plaza de Lonquimay. Son dos caba\u00f1as contiguas para 6 personas cada una , donde sus habitaciones estan distribuidas en dos pisos. Cuentan con estacionamiento, cocina americana, dos ba\u00f1os, sala de estar y terraza.<\/p>\n<p><a href=\"http:\/\/hostalnativo.cl\/es\/wp-content\/uploads\/2015\/06\/5611.jpg\"><img loading=\"lazy\" decoding=\"async\" class=\"aligncenter size-medium wp-image-927\" title=\"Cocina - Comedor\" src=\"http:\/\/hostalnativo.cl\/es\/wp-content\/uploads\/2015\/06\/5611-300x225.jpg\" alt=\"Caba\u00f1a Lonquimay\" width=\"300\" height=\"225\" srcset=\"https:\/\/hostalnativo.cl\/es\/wp-content\/uploads\/2015\/06\/5611-300x225.jpg 300w, https:\/\/hostalnativo.cl\/es\/wp-content\/uploads\/2015\/06\/5611-80x60.jpg 80w, https:\/\/hostalnativo.cl\/es\/wp-content\/uploads\/2015\/06\/5611.jpg 640w\" sizes=\"(max-width: 300px) 100vw, 300px\" \/><\/a><\/p>\n<p><a href=\"http:\/\/hostalnativo.cl\/es\/wp-content\/uploads\/2015\/06\/566.jpg\"><img loading=\"lazy\" decoding=\"async\" class=\"aligncenter size-medium wp-image-928\" title=\"Habitaci\u00f3n Matrimonial\" src=\"http:\/\/hostalnativo.cl\/es\/wp-content\/uploads\/2015\/06\/566-300x225.jpg\" alt=\"Caba\u00f1as Lonquimay Corralco\" width=\"300\" height=\"225\" srcset=\"https:\/\/hostalnativo.cl\/es\/wp-content\/uploads\/2015\/06\/566-300x225.jpg 300w, https:\/\/hostalnativo.cl\/es\/wp-content\/uploads\/2015\/06\/566-80x60.jpg 80w, https:\/\/hostalnativo.cl\/es\/wp-content\/uploads\/2015\/06\/566.jpg 640w\" sizes=\"(max-width: 300px) 100vw, 300px\" \/><\/a><\/p>\n<p><a href=\"http:\/\/hostalnativo.cl\/es\/wp-content\/uploads\/2015\/06\/575.jpg\"><img loading=\"lazy\" decoding=\"async\" class=\"aligncenter size-medium wp-image-929\" title=\"Habitaciones Dobles\" src=\"http:\/\/hostalnativo.cl\/es\/wp-content\/uploads\/2015\/06\/575-300x225.jpg\" alt=\"Caba\u00f1a Lonquimay Corralco\" width=\"300\" height=\"225\" srcset=\"https:\/\/hostalnativo.cl\/es\/wp-content\/uploads\/2015\/06\/575-300x225.jpg 300w, https:\/\/hostalnativo.cl\/es\/wp-content\/uploads\/2015\/06\/575-80x60.jpg 80w, https:\/\/hostalnativo.cl\/es\/wp-content\/uploads\/2015\/06\/575.jpg 640w\" sizes=\"(max-width: 300px) 100vw, 300px\" \/><\/a><\/p>\n<p><a href=\"http:\/\/hostalnativo.cl\/es\/wp-content\/uploads\/2015\/06\/570.jpg\"><img loading=\"lazy\" decoding=\"async\" class=\"aligncenter size-medium wp-image-930\" title=\"Ba\u00f1os\" src=\"http:\/\/hostalnativo.cl\/es\/wp-content\/uploads\/2015\/06\/570-225x300.jpg\" alt=\"Caba\u00f1as Lonquimay Corralco\" width=\"225\" height=\"300\" srcset=\"https:\/\/hostalnativo.cl\/es\/wp-content\/uploads\/2015\/06\/570-225x300.jpg 225w, https:\/\/hostalnativo.cl\/es\/wp-content\/uploads\/2015\/06\/570.jpg 480w\" sizes=\"(max-width: 225px) 100vw, 225px\" \/><\/a><\/p>\n<p><a href=\"http:\/\/hostalnativo.cl\/es\/wp-content\/uploads\/2015\/06\/580.jpg\"><img loading=\"lazy\" decoding=\"async\" class=\"aligncenter size-medium wp-image-931\" title=\"Sala de Estar\" src=\"http:\/\/hostalnativo.cl\/es\/wp-content\/uploads\/2015\/06\/580-300x225.jpg\" alt=\"Caba\u00f1a Lonquimay Corralco\" width=\"300\" height=\"225\" srcset=\"https:\/\/hostalnativo.cl\/es\/wp-content\/uploads\/2015\/06\/580-300x225.jpg 300w, https:\/\/hostalnativo.cl\/es\/wp-content\/uploads\/2015\/06\/580-80x60.jpg 80w, https:\/\/hostalnativo.cl\/es\/wp-content\/uploads\/2015\/06\/580.jpg 640w\" sizes=\"(max-width: 300px) 100vw, 300px\" \/><\/a><\/p>\n","protected":false},"excerpt":{"rendered":"<p>Estas caba\u00f1as se encuentran ubicadas a 4 cuadras de la plaza de Lonquimay. Son dos caba\u00f1as contiguas para 6 personas cada una , donde sus habitaciones estan distribuidas en dos pisos. Cuentan con estacionamiento, cocina americana, dos ba\u00f1os, sala de estar y terraza.<\/p>\n","protected":false},"author":1,"featured_media":0,"parent":0,"menu_order":0,"comment_status":"open","ping_status":"open","template":"","meta":{"footnotes":""},"_links":{"self":[{"href":"https:\/\/hostalnativo.cl\/es\/index.php?rest_route=\/wp\/v2\/pages\/921"}],"collection":[{"href":"https:\/\/hostalnativo.cl\/es\/index.php?rest_route=\/wp\/v2\/pages"}],"about":[{"href":"https:\/\/hostalnativo.cl\/es\/index.php?rest_route=\/wp\/v2\/types\/page"}],"author":[{"embeddable":true,"href":"https:\/\/hostalnativo.cl\/es\/index.php?rest_route=\/wp\/v2\/users\/1"}],"replies":[{"embeddable":true,"href":"https:\/\/hostalnativo.cl\/es\/index.php?rest_route=%2Fwp%2Fv2%2Fcomments&post=921"}],"version-history":[{"count":4,"href":"https:\/\/hostalnativo.cl\/es\/index.php?rest_route=\/wp\/v2\/pages\/921\/revisions"}],"predecessor-version":[{"id":925,"href":"https:\/\/hostalnativo.cl\/es\/index.php?rest_route=\/wp\/v2\/pages\/921\/revisions\/925"}],"wp:attachment":[{"href":"https:\/\/hostalnativo.cl\/es\/index.php?rest_route=%2Fwp%2Fv2%2Fmedia&parent=921"}],"curies":[{"name":"wp","href":"https:\/\/api.w.org\/{rel}","templated":true}]}}