{"id":896,"date":"2014-10-26T18:04:00","date_gmt":"2014-10-26T18:04:00","guid":{"rendered":"http:\/\/hostalnativo.cl\/es\/?page_id=896"},"modified":"2024-05-04T15:46:55","modified_gmt":"2024-05-04T15:46:55","slug":"tarifas","status":"publish","type":"page","link":"https:\/\/hostalnativo.cl\/es\/?page_id=896","title":{"rendered":"TARIFAS"},"content":{"rendered":"<p><span style=\"text-decoration: underline;\"><strong><em>Habitaci\u00f3n single <\/em><\/strong><\/span><\/p>\n<p><em>Valor $ 45.000<\/em><\/p>\n<p><span style=\"text-decoration: underline;\"><strong><em>Habitaci\u00f3n Doble o Matrimonial<\/em><\/strong><\/span><\/p>\n<p><em>Valor $ 65.000<\/em><\/p>\n<p><em>\u00a0<\/em><span style=\"text-decoration: underline;\"><strong><em>Habitaci\u00f3n Triple <\/em><\/strong><\/span><\/p>\n<p><em>Valor $ 85.000<\/em><\/p>\n<p><em>\u00a0<\/em><\/p>\n<p><span style=\"text-decoration: underline;\"><strong><em>Habitaci\u00f3n Cu\u00e1druple<\/em><\/strong><\/span><\/p>\n<p><em>Valor <\/em><em>$ 95.000<\/em><\/p>\n<p><em>\u00a0<\/em><\/p>\n<p><em>\u00a0<\/em><\/p>\n\n\n<p>VALORES INCLUYEN IVA<\/p>\n\n\n\n<p><font style=\"vertical-align: inherit;\"><font style=\"vertical-align: inherit;\">Pol\u00edticas de la Empresa.<\/font><\/font><\/p>\n\n\n\n<p>En caso de anular la reserva, por pol\u00edtica de la Empresa, no se hace devoluci\u00f3n de dinero, se reprograma la fecha. Duraci\u00f3n v\u00e1lida por 3 meses desde la fecha de la reserva, sujeto a disponibilidad.<\/p>\n\n\n\n<p>Da\u00f1os o perdidas en las habitaciones ser\u00e1n cobrados de forma adicional.<\/p>\n","protected":false},"excerpt":{"rendered":"<p>Habitaci\u00f3n single Valor $ 45.000 Habitaci\u00f3n Doble o Matrimonial Valor $ 65.000 \u00a0Habitaci\u00f3n Triple Valor $ 85.000 \u00a0 Habitaci\u00f3n Cu\u00e1druple Valor $ 95.000 \u00a0 \u00a0 VALORES INCLUYEN IVA Pol\u00edticas de la Empresa. En caso de anular la reserva, por pol\u00edtica de la Empresa, no se hace devoluci\u00f3n de dinero, se reprograma la fecha. Duraci\u00f3n v\u00e1lida por 3 meses desde la fecha de la reserva, sujeto a disponibilidad. Da\u00f1os o perdidas en las habitaciones ser\u00e1n cobrados de forma adicional.<\/p>\n","protected":false},"author":1,"featured_media":0,"parent":0,"menu_order":0,"comment_status":"open","ping_status":"open","template":"","meta":{"footnotes":""},"_links":{"self":[{"href":"https:\/\/hostalnativo.cl\/es\/index.php?rest_route=\/wp\/v2\/pages\/896"}],"collection":[{"href":"https:\/\/hostalnativo.cl\/es\/index.php?rest_route=\/wp\/v2\/pages"}],"about":[{"href":"https:\/\/hostalnativo.cl\/es\/index.php?rest_route=\/wp\/v2\/types\/page"}],"author":[{"embeddable":true,"href":"https:\/\/hostalnativo.cl\/es\/index.php?rest_route=\/wp\/v2\/users\/1"}],"replies":[{"embeddable":true,"href":"https:\/\/hostalnativo.cl\/es\/index.php?rest_route=%2Fwp%2Fv2%2Fcomments&post=896"}],"version-history":[{"count":42,"href":"https:\/\/hostalnativo.cl\/es\/index.php?rest_route=\/wp\/v2\/pages\/896\/revisions"}],"predecessor-version":[{"id":1069,"href":"https:\/\/hostalnativo.cl\/es\/index.php?rest_route=\/wp\/v2\/pages\/896\/revisions\/1069"}],"wp:attachment":[{"href":"https:\/\/hostalnativo.cl\/es\/index.php?rest_route=%2Fwp%2Fv2%2Fmedia&parent=896"}],"curies":[{"name":"wp","href":"https:\/\/api.w.org\/{rel}","templated":true}]}}