{"id":874,"date":"2014-10-08T16:14:33","date_gmt":"2014-10-08T16:14:33","guid":{"rendered":"http:\/\/hostalnativo.cl\/es\/?page_id=874"},"modified":"2014-10-08T19:36:01","modified_gmt":"2014-10-08T19:36:01","slug":"villa-pehuenia","status":"publish","type":"page","link":"https:\/\/hostalnativo.cl\/es\/?page_id=874","title":{"rendered":"Villa Pehuenia"},"content":{"rendered":"<p>Villa Pehuenia , Argentina distante 120 KM de Lonquimay, pasando por el pazo fronterizo Icalma que cuenta con todos los servicios aduaneros habilitados y que se encuentra a 1300 mts. Cons\u00faltenos por los servicios que cuenta esta Aldea de Monta\u00f1a, la que puede visitar durante todo el a\u00f1o. Encontrar\u00e1\u00a0 el <a href=\"http:\/\/www.lapaginadeseba.com.ar\/\">Restaurant Patagonia Bistro <\/a>y para el descanso <a href=\"http:\/\/www.lasterrazaspehuenia.com.ar\/index.php\">Las Terrazas <\/a>y <a href=\"http:\/\/www.complejopatagonia.com.ar\/\">Complejo Patagonia<\/a>.<\/p>\n<p><a href=\"http:\/\/hostalnativo.cl\/es\/wp-content\/uploads\/2014\/10\/VILLA-PEHUENIA1.jpg\"><img loading=\"lazy\" decoding=\"async\" class=\"aligncenter size-medium wp-image-889\" title=\"VILLA PEHUENIA\" src=\"http:\/\/hostalnativo.cl\/es\/wp-content\/uploads\/2014\/10\/VILLA-PEHUENIA1-300x200.jpg\" alt=\"VILLA PEHUENIA ARGENTINA\" width=\"300\" height=\"200\" srcset=\"https:\/\/hostalnativo.cl\/es\/wp-content\/uploads\/2014\/10\/VILLA-PEHUENIA1-300x200.jpg 300w, https:\/\/hostalnativo.cl\/es\/wp-content\/uploads\/2014\/10\/VILLA-PEHUENIA1.jpg 850w\" sizes=\"(max-width: 300px) 100vw, 300px\" \/><\/a><\/p>\n<p>RESTAURANT PATAGONIA BISTRO<\/p>\n<p><img loading=\"lazy\" decoding=\"async\" class=\"aligncenter size-medium wp-image-886\" title=\"RESTAURANT PATAGONIA BISTRO\" src=\"http:\/\/hostalnativo.cl\/es\/wp-content\/uploads\/2014\/10\/la-foto-1-9-300x225.jpg\" alt=\"VILLA PEHUENIA\" width=\"300\" height=\"225\" srcset=\"https:\/\/hostalnativo.cl\/es\/wp-content\/uploads\/2014\/10\/la-foto-1-9-300x225.jpg 300w, https:\/\/hostalnativo.cl\/es\/wp-content\/uploads\/2014\/10\/la-foto-1-9-80x60.jpg 80w, https:\/\/hostalnativo.cl\/es\/wp-content\/uploads\/2014\/10\/la-foto-1-9.jpg 816w\" sizes=\"(max-width: 300px) 100vw, 300px\" \/><\/p>\n<p><a href=\"http:\/\/hostalnativo.cl\/es\/wp-content\/uploads\/2014\/10\/la-foto-3-13.jpg\"><img loading=\"lazy\" decoding=\"async\" class=\"aligncenter size-medium wp-image-887\" title=\"RESTAURANT PATAGONIA BISTRO\" src=\"http:\/\/hostalnativo.cl\/es\/wp-content\/uploads\/2014\/10\/la-foto-3-13-300x225.jpg\" alt=\"VILLA PEHUENIA\" width=\"300\" height=\"225\" srcset=\"https:\/\/hostalnativo.cl\/es\/wp-content\/uploads\/2014\/10\/la-foto-3-13-300x225.jpg 300w, https:\/\/hostalnativo.cl\/es\/wp-content\/uploads\/2014\/10\/la-foto-3-13-80x60.jpg 80w, https:\/\/hostalnativo.cl\/es\/wp-content\/uploads\/2014\/10\/la-foto-3-13.jpg 816w\" sizes=\"(max-width: 300px) 100vw, 300px\" \/><\/a><\/p>\n<p><a href=\"http:\/\/hostalnativo.cl\/es\/wp-content\/uploads\/2014\/10\/la-foto-1-4.jpg\"><img loading=\"lazy\" decoding=\"async\" class=\"aligncenter size-medium wp-image-888\" title=\"RESTAURANT PATAGONIA BISTRO\" src=\"http:\/\/hostalnativo.cl\/es\/wp-content\/uploads\/2014\/10\/la-foto-1-4-300x224.jpg\" alt=\"VILLA PEHUENIA, ARGENTINA\" width=\"300\" height=\"224\" srcset=\"https:\/\/hostalnativo.cl\/es\/wp-content\/uploads\/2014\/10\/la-foto-1-4-300x224.jpg 300w, https:\/\/hostalnativo.cl\/es\/wp-content\/uploads\/2014\/10\/la-foto-1-4-1024x764.jpg 1024w, https:\/\/hostalnativo.cl\/es\/wp-content\/uploads\/2014\/10\/la-foto-1-4-80x60.jpg 80w, https:\/\/hostalnativo.cl\/es\/wp-content\/uploads\/2014\/10\/la-foto-1-4.jpg 1296w\" sizes=\"(max-width: 300px) 100vw, 300px\" \/><\/a><\/p>\n<p>CABA\u00d1AS LAS TERRAZAS<\/p>\n<p><a href=\"http:\/\/hostalnativo.cl\/es\/wp-content\/uploads\/2014\/10\/chocori_g_g.jpg\"><img loading=\"lazy\" decoding=\"async\" class=\"aligncenter size-medium wp-image-881\" title=\"CABA\u00d1A LAS TERRAZAS\" src=\"http:\/\/hostalnativo.cl\/es\/wp-content\/uploads\/2014\/10\/chocori_g_g-300x225.jpg\" alt=\"VILLA PEHUENIA\" width=\"300\" height=\"225\" srcset=\"https:\/\/hostalnativo.cl\/es\/wp-content\/uploads\/2014\/10\/chocori_g_g-300x225.jpg 300w, https:\/\/hostalnativo.cl\/es\/wp-content\/uploads\/2014\/10\/chocori_g_g-80x60.jpg 80w, https:\/\/hostalnativo.cl\/es\/wp-content\/uploads\/2014\/10\/chocori_g_g.jpg 800w\" sizes=\"(max-width: 300px) 100vw, 300px\" \/><\/a><\/p>\n<p><a href=\"http:\/\/hostalnativo.cl\/es\/wp-content\/uploads\/2014\/10\/terraza_g.jpg\"><img loading=\"lazy\" decoding=\"async\" class=\"aligncenter size-medium wp-image-882\" title=\"CABA\u00d1A LAS TERRAZAS VILLA PEHUENIA\" src=\"http:\/\/hostalnativo.cl\/es\/wp-content\/uploads\/2014\/10\/terraza_g-300x225.jpg\" alt=\"VILLA PEHUENIA\" width=\"300\" height=\"225\" srcset=\"https:\/\/hostalnativo.cl\/es\/wp-content\/uploads\/2014\/10\/terraza_g-300x225.jpg 300w, https:\/\/hostalnativo.cl\/es\/wp-content\/uploads\/2014\/10\/terraza_g-80x60.jpg 80w, https:\/\/hostalnativo.cl\/es\/wp-content\/uploads\/2014\/10\/terraza_g.jpg 800w\" sizes=\"(max-width: 300px) 100vw, 300px\" \/><\/a><\/p>\n<p>COMPLEJO PATAGONIA<\/p>\n<p><a href=\"http:\/\/hostalnativo.cl\/es\/wp-content\/uploads\/2014\/10\/PATAGONIA1.jpg\"><img loading=\"lazy\" decoding=\"async\" class=\"aligncenter size-medium wp-image-884\" title=\"COMPLEJO PATAGONIA\" src=\"http:\/\/hostalnativo.cl\/es\/wp-content\/uploads\/2014\/10\/PATAGONIA1-300x164.jpg\" alt=\"VILLA PEHUENIA\" width=\"300\" height=\"164\" srcset=\"https:\/\/hostalnativo.cl\/es\/wp-content\/uploads\/2014\/10\/PATAGONIA1-300x164.jpg 300w, https:\/\/hostalnativo.cl\/es\/wp-content\/uploads\/2014\/10\/PATAGONIA1.jpg 840w\" sizes=\"(max-width: 300px) 100vw, 300px\" \/><\/a><\/p>\n<p><a href=\"http:\/\/hostalnativo.cl\/es\/wp-content\/uploads\/2014\/10\/PATAGONIA.jpg\"><img loading=\"lazy\" decoding=\"async\" class=\"aligncenter size-medium wp-image-883\" title=\"COMPLEJO PATAGONIA\" src=\"http:\/\/hostalnativo.cl\/es\/wp-content\/uploads\/2014\/10\/PATAGONIA-300x164.jpg\" alt=\"VILLA PEHUENIA\" width=\"300\" height=\"164\" srcset=\"https:\/\/hostalnativo.cl\/es\/wp-content\/uploads\/2014\/10\/PATAGONIA-300x164.jpg 300w, https:\/\/hostalnativo.cl\/es\/wp-content\/uploads\/2014\/10\/PATAGONIA.jpg 840w\" sizes=\"(max-width: 300px) 100vw, 300px\" \/><\/a><\/p>\n","protected":false},"excerpt":{"rendered":"<p>Villa Pehuenia , Argentina distante 120 KM de Lonquimay, pasando por el pazo fronterizo Icalma que cuenta con todos los servicios aduaneros habilitados y que se encuentra a 1300 mts. Cons\u00faltenos por los servicios que cuenta esta Aldea de Monta\u00f1a, la que puede visitar durante todo el a\u00f1o. Encontrar\u00e1\u00a0 el Restaurant Patagonia Bistro y para el descanso Las Terrazas y Complejo Patagonia. RESTAURANT PATAGONIA BISTRO CABA\u00d1AS LAS TERRAZAS COMPLEJO PATAGONIA<\/p>\n","protected":false},"author":1,"featured_media":0,"parent":0,"menu_order":0,"comment_status":"open","ping_status":"open","template":"","meta":{"footnotes":""},"_links":{"self":[{"href":"https:\/\/hostalnativo.cl\/es\/index.php?rest_route=\/wp\/v2\/pages\/874"}],"collection":[{"href":"https:\/\/hostalnativo.cl\/es\/index.php?rest_route=\/wp\/v2\/pages"}],"about":[{"href":"https:\/\/hostalnativo.cl\/es\/index.php?rest_route=\/wp\/v2\/types\/page"}],"author":[{"embeddable":true,"href":"https:\/\/hostalnativo.cl\/es\/index.php?rest_route=\/wp\/v2\/users\/1"}],"replies":[{"embeddable":true,"href":"https:\/\/hostalnativo.cl\/es\/index.php?rest_route=%2Fwp%2Fv2%2Fcomments&post=874"}],"version-history":[{"count":5,"href":"https:\/\/hostalnativo.cl\/es\/index.php?rest_route=\/wp\/v2\/pages\/874\/revisions"}],"predecessor-version":[{"id":879,"href":"https:\/\/hostalnativo.cl\/es\/index.php?rest_route=\/wp\/v2\/pages\/874\/revisions\/879"}],"wp:attachment":[{"href":"https:\/\/hostalnativo.cl\/es\/index.php?rest_route=%2Fwp%2Fv2%2Fmedia&parent=874"}],"curies":[{"name":"wp","href":"https:\/\/api.w.org\/{rel}","templated":true}]}}