{"id":861,"date":"2014-08-05T01:04:25","date_gmt":"2014-08-05T01:04:25","guid":{"rendered":"http:\/\/hostalnativo.cl\/es\/?page_id=861"},"modified":"2014-08-05T01:10:37","modified_gmt":"2014-08-05T01:10:37","slug":"cabana-pewen-mapu","status":"publish","type":"page","link":"https:\/\/hostalnativo.cl\/es\/?page_id=861","title":{"rendered":"CABA\u00d1A PEWEN-MAPU"},"content":{"rendered":"<p>Esta caba\u00f1a est\u00e1 ubicada en el centro de Lonquimay, con capacidad para 6 personas. Cuenta con todo el equipamento necesario, calefacci\u00f3n y Tv con cable.<\/p>\n<p><a href=\"http:\/\/hostalnativo.cl\/es\/wp-content\/uploads\/2014\/08\/34808_124586817606894_16850_n.jpg\"><img loading=\"lazy\" decoding=\"async\" class=\"aligncenter size-medium wp-image-862\" title=\"caba\u00f1a lonquimay\" src=\"http:\/\/hostalnativo.cl\/es\/wp-content\/uploads\/2014\/08\/34808_124586817606894_16850_n-300x225.jpg\" alt=\"\" width=\"300\" height=\"225\" srcset=\"https:\/\/hostalnativo.cl\/es\/wp-content\/uploads\/2014\/08\/34808_124586817606894_16850_n-300x225.jpg 300w, https:\/\/hostalnativo.cl\/es\/wp-content\/uploads\/2014\/08\/34808_124586817606894_16850_n-80x60.jpg 80w, https:\/\/hostalnativo.cl\/es\/wp-content\/uploads\/2014\/08\/34808_124586817606894_16850_n.jpg 720w\" sizes=\"(max-width: 300px) 100vw, 300px\" \/><\/a><\/p>\n<p><a href=\"http:\/\/hostalnativo.cl\/es\/wp-content\/uploads\/2014\/08\/165130_124583397607236_6215489_n.jpg\"><img loading=\"lazy\" decoding=\"async\" class=\"aligncenter size-medium wp-image-863\" title=\"Caba\u00f1a Lonquimay\" src=\"http:\/\/hostalnativo.cl\/es\/wp-content\/uploads\/2014\/08\/165130_124583397607236_6215489_n-300x225.jpg\" alt=\"Caba\u00f1a Corralco\" width=\"300\" height=\"225\" srcset=\"https:\/\/hostalnativo.cl\/es\/wp-content\/uploads\/2014\/08\/165130_124583397607236_6215489_n-300x225.jpg 300w, https:\/\/hostalnativo.cl\/es\/wp-content\/uploads\/2014\/08\/165130_124583397607236_6215489_n-80x60.jpg 80w, https:\/\/hostalnativo.cl\/es\/wp-content\/uploads\/2014\/08\/165130_124583397607236_6215489_n.jpg 720w\" sizes=\"(max-width: 300px) 100vw, 300px\" \/><\/a><\/p>\n<p><a href=\"http:\/\/hostalnativo.cl\/es\/wp-content\/uploads\/2014\/08\/164595_124583704273872_6570545_n.jpg\"><img loading=\"lazy\" decoding=\"async\" class=\"aligncenter size-medium wp-image-864\" title=\"Caba\u00f1a Lonquimay\" src=\"http:\/\/hostalnativo.cl\/es\/wp-content\/uploads\/2014\/08\/164595_124583704273872_6570545_n-300x225.jpg\" alt=\"Caba\u00f1a Corralco\" width=\"300\" height=\"225\" srcset=\"https:\/\/hostalnativo.cl\/es\/wp-content\/uploads\/2014\/08\/164595_124583704273872_6570545_n-300x225.jpg 300w, https:\/\/hostalnativo.cl\/es\/wp-content\/uploads\/2014\/08\/164595_124583704273872_6570545_n-80x60.jpg 80w, https:\/\/hostalnativo.cl\/es\/wp-content\/uploads\/2014\/08\/164595_124583704273872_6570545_n.jpg 720w\" sizes=\"(max-width: 300px) 100vw, 300px\" \/><\/a><\/p>\n<p><a href=\"http:\/\/hostalnativo.cl\/es\/wp-content\/uploads\/2014\/08\/167517_124583987607177_5096282_n.jpg\"><img loading=\"lazy\" decoding=\"async\" class=\"aligncenter size-medium wp-image-865\" title=\"Caba\u00f1a Lonquimay\" src=\"http:\/\/hostalnativo.cl\/es\/wp-content\/uploads\/2014\/08\/167517_124583987607177_5096282_n-225x300.jpg\" alt=\"Caba\u00f1a Corralco\" width=\"225\" height=\"300\" srcset=\"https:\/\/hostalnativo.cl\/es\/wp-content\/uploads\/2014\/08\/167517_124583987607177_5096282_n-225x300.jpg 225w, https:\/\/hostalnativo.cl\/es\/wp-content\/uploads\/2014\/08\/167517_124583987607177_5096282_n.jpg 540w\" sizes=\"(max-width: 225px) 100vw, 225px\" \/><\/a><\/p>\n<p><a href=\"http:\/\/hostalnativo.cl\/es\/wp-content\/uploads\/2014\/08\/167505_124583497607226_5147883_n.jpg\"><img loading=\"lazy\" decoding=\"async\" class=\"aligncenter size-medium wp-image-866\" title=\"Caba\u00f1a Lonquimay\" src=\"http:\/\/hostalnativo.cl\/es\/wp-content\/uploads\/2014\/08\/167505_124583497607226_5147883_n-220x300.jpg\" alt=\"Caba\u00f1a Corralco\" width=\"220\" height=\"300\" srcset=\"https:\/\/hostalnativo.cl\/es\/wp-content\/uploads\/2014\/08\/167505_124583497607226_5147883_n-220x300.jpg 220w, https:\/\/hostalnativo.cl\/es\/wp-content\/uploads\/2014\/08\/167505_124583497607226_5147883_n.jpg 528w\" sizes=\"(max-width: 220px) 100vw, 220px\" \/><\/a><\/p>\n<p>&nbsp;<\/p>\n","protected":false},"excerpt":{"rendered":"<p>Esta caba\u00f1a est\u00e1 ubicada en el centro de Lonquimay, con capacidad para 6 personas. Cuenta con todo el equipamento necesario, calefacci\u00f3n y Tv con cable. &nbsp;<\/p>\n","protected":false},"author":1,"featured_media":0,"parent":0,"menu_order":0,"comment_status":"open","ping_status":"open","template":"","meta":{"footnotes":""},"_links":{"self":[{"href":"https:\/\/hostalnativo.cl\/es\/index.php?rest_route=\/wp\/v2\/pages\/861"}],"collection":[{"href":"https:\/\/hostalnativo.cl\/es\/index.php?rest_route=\/wp\/v2\/pages"}],"about":[{"href":"https:\/\/hostalnativo.cl\/es\/index.php?rest_route=\/wp\/v2\/types\/page"}],"author":[{"embeddable":true,"href":"https:\/\/hostalnativo.cl\/es\/index.php?rest_route=\/wp\/v2\/users\/1"}],"replies":[{"embeddable":true,"href":"https:\/\/hostalnativo.cl\/es\/index.php?rest_route=%2Fwp%2Fv2%2Fcomments&post=861"}],"version-history":[{"count":2,"href":"https:\/\/hostalnativo.cl\/es\/index.php?rest_route=\/wp\/v2\/pages\/861\/revisions"}],"predecessor-version":[{"id":870,"href":"https:\/\/hostalnativo.cl\/es\/index.php?rest_route=\/wp\/v2\/pages\/861\/revisions\/870"}],"wp:attachment":[{"href":"https:\/\/hostalnativo.cl\/es\/index.php?rest_route=%2Fwp%2Fv2%2Fmedia&parent=861"}],"curies":[{"name":"wp","href":"https:\/\/api.w.org\/{rel}","templated":true}]}}