{"id":801,"date":"2013-11-06T19:14:36","date_gmt":"2013-11-06T19:14:36","guid":{"rendered":"http:\/\/hostalnativo.cl\/es\/?page_id=801"},"modified":"2014-06-03T16:40:24","modified_gmt":"2014-06-03T16:40:24","slug":"hostal-nativo","status":"publish","type":"page","link":"https:\/\/hostalnativo.cl\/es\/?page_id=801","title":{"rendered":"HOSTAL NATIVO"},"content":{"rendered":"<p style=\"text-align: center;\"><a href=\"http:\/\/hostalnativo.cl\/es\/wp-content\/uploads\/2011\/06\/CABA\u00d1A-MALALCAHUELLO5.jpg\"><\/a><strong>HOSTAL NATIVO<\/strong><\/p>\n<p style=\"text-align: center;\">Tenemos a su disposici\u00f3n, un Hostal\u00a0en el Centro de Lonquimay con todas las comodidades para su estad\u00eda.<\/p>\n<p style=\"text-align: center;\">Ubicado en el Centro de Lonquimay, ofrecemos servicios de Alojamientos, a Familias, Grupos, Empresas, y Turistas. Contamos con los siguientes tipos de Habitaciones en Hostal Nativo, todas con Calefacci\u00f3n, Tv Cable, Wifi y desayuno incluido en las tarifas. Tenemos formas de pago como, transferencias bancarias, tarjetas, redcompra, pesos Argentinos y D\u00f3lares<\/p>\n<p style=\"text-align: center;\"><a href=\"http:\/\/hostalnativo.cl\/es\/wp-content\/uploads\/2011\/06\/FACHADA-HOSTAL-NATIVO.jpg\"><img loading=\"lazy\" decoding=\"async\" title=\"\u00bf Donde dormir en Lonquimay ?\" src=\"http:\/\/hostalnativo.cl\/es\/wp-content\/uploads\/2011\/06\/FACHADA-HOSTAL-NATIVO-300x225.jpg\" alt=\"ALOJAMIENTO, RESTAURANT, \u00bf DONDE COMER EN LONQUIMAY ?, \u00bf DONDE DORMIR EN LONQUIMAY ?\" width=\"300\" height=\"225\" \/><\/a><\/p>\n<ul style=\"text-align: center;\">\n<li><strong>HABITACIONES\u00a0 MATRIMONIALES <\/strong><\/li>\n<\/ul>\n<p style=\"text-align: center;\"><strong>\u00a0<\/strong>Habitaci\u00f3nes con ba\u00f1o en Suite totalmente equipado, Tv Cable y calefacci\u00f3n.<\/p>\n<p style=\"text-align: center;\"><a href=\"http:\/\/hostalnativo.cl\/es\/wp-content\/uploads\/2011\/06\/IMG_7012.jpg\"><img loading=\"lazy\" decoding=\"async\" class=\"aligncenter size-medium wp-image-847\" title=\"HABITACION MATRIMONIAL BA\u00d1O PRIVADO\" src=\"http:\/\/hostalnativo.cl\/es\/wp-content\/uploads\/2011\/06\/IMG_7012-300x200.jpg\" alt=\"A 30 MINUTOS DE CORRALCO\" width=\"300\" height=\"200\" srcset=\"https:\/\/hostalnativo.cl\/es\/wp-content\/uploads\/2011\/06\/IMG_7012-300x200.jpg 300w, https:\/\/hostalnativo.cl\/es\/wp-content\/uploads\/2011\/06\/IMG_7012.jpg 720w\" sizes=\"(max-width: 300px) 100vw, 300px\" \/><\/a><\/p>\n<p style=\"text-align: center;\"><a href=\"http:\/\/hostalnativo.cl\/es\/wp-content\/uploads\/2011\/06\/HABITACI\u00d3N-EN-SUITE.jpg\"><\/a><\/p>\n<p style=\"text-align: center;\"><a href=\"http:\/\/hostalnativo.cl\/es\/wp-content\/uploads\/2011\/06\/P31600701.jpg\"><\/a><\/p>\n<p style=\"text-align: center;\"><strong><a href=\"http:\/\/hostalnativo.cl\/es\/wp-content\/uploads\/2011\/06\/IMG_7006.jpg\"><img loading=\"lazy\" decoding=\"async\" class=\"aligncenter size-medium wp-image-846\" title=\"HABITACION MATRIMONIAL BA\u00d1O PRIVADO\" src=\"http:\/\/hostalnativo.cl\/es\/wp-content\/uploads\/2011\/06\/IMG_7006-300x200.jpg\" alt=\"LONQUIMAY - CORRALCO\" width=\"300\" height=\"200\" srcset=\"https:\/\/hostalnativo.cl\/es\/wp-content\/uploads\/2011\/06\/IMG_7006-300x200.jpg 300w, https:\/\/hostalnativo.cl\/es\/wp-content\/uploads\/2011\/06\/IMG_7006.jpg 720w\" sizes=\"(max-width: 300px) 100vw, 300px\" \/><\/a><\/strong><\/p>\n<p style=\"text-align: center;\"><strong>\u00a0<\/strong><\/p>\n<p style=\"text-align: center;\"><strong><a href=\"http:\/\/hostalnativo.cl\/es\/wp-content\/uploads\/2011\/06\/BA\u00d1O-EN-SUITE.jpg\"><img loading=\"lazy\" decoding=\"async\" title=\"BA\u00d1O EN SUITE\" src=\"http:\/\/hostalnativo.cl\/es\/wp-content\/uploads\/2011\/06\/BA\u00d1O-EN-SUITE-225x300.jpg\" alt=\"\" width=\"225\" height=\"300\" \/><\/a><\/strong><\/p>\n<p><a href=\"http:\/\/hostalnativo.cl\/es\/wp-content\/uploads\/2011\/06\/HABITACION-MATRIMONIAL.jpg\"><\/a><\/p>\n<ul style=\"text-align: center;\">\n<li><strong>HABITACIONES DOBLES<\/strong><\/li>\n<\/ul>\n<p style=\"text-align: center;\">Tres habitaciones dobles, con calefaci\u00f3n y ba\u00f1os privado y compartidos.<\/p>\n<p style=\"text-align: center;\"><a href=\"http:\/\/hostalnativo.cl\/es\/wp-content\/uploads\/2011\/06\/P3160065.jpg\"><img loading=\"lazy\" decoding=\"async\" title=\"Habitaciones Dobles\" src=\"http:\/\/hostalnativo.cl\/es\/wp-content\/uploads\/2011\/06\/P3160065-300x225.jpg\" alt=\"\" width=\"300\" height=\"225\" \/><\/a><strong>\u00a0<\/strong><\/p>\n<p style=\"text-align: center;\"><strong>\u00a0<\/strong><\/p>\n<p style=\"text-align: center;\"><strong><a href=\"http:\/\/hostalnativo.cl\/es\/wp-content\/uploads\/2011\/06\/IMG_7016.jpg\"><img loading=\"lazy\" decoding=\"async\" class=\"aligncenter size-medium wp-image-848\" title=\"HABITACION DOBLE \" src=\"http:\/\/hostalnativo.cl\/es\/wp-content\/uploads\/2011\/06\/IMG_7016-300x200.jpg\" alt=\"BA\u00d1O PRIVADO\" width=\"300\" height=\"200\" srcset=\"https:\/\/hostalnativo.cl\/es\/wp-content\/uploads\/2011\/06\/IMG_7016-300x200.jpg 300w, https:\/\/hostalnativo.cl\/es\/wp-content\/uploads\/2011\/06\/IMG_7016.jpg 720w\" sizes=\"(max-width: 300px) 100vw, 300px\" \/><\/a><\/strong><\/p>\n<p style=\"text-align: center;\"><strong><a href=\"http:\/\/hostalnativo.cl\/es\/wp-content\/uploads\/2011\/06\/IMG_7014.jpg\"><img loading=\"lazy\" decoding=\"async\" class=\"aligncenter size-medium wp-image-849\" title=\"HABITACIONES DOBLES\" src=\"http:\/\/hostalnativo.cl\/es\/wp-content\/uploads\/2011\/06\/IMG_7014-300x200.jpg\" alt=\"A 30 MINUTOS DE CORRALCO\" width=\"300\" height=\"200\" srcset=\"https:\/\/hostalnativo.cl\/es\/wp-content\/uploads\/2011\/06\/IMG_7014-300x200.jpg 300w, https:\/\/hostalnativo.cl\/es\/wp-content\/uploads\/2011\/06\/IMG_7014.jpg 720w\" sizes=\"(max-width: 300px) 100vw, 300px\" \/><\/a><\/strong><\/p>\n<ul>\n<li>\n<div style=\"text-align: center;\"><strong>\u00a0<\/strong><\/div>\n<\/li>\n<li>\n<div style=\"text-align: center;\"><strong>HABITACION CON CAMAROTE <\/strong><\/div>\n<\/li>\n<\/ul>\n<p style=\"text-align: center;\"><strong>\u00a0<\/strong>Una habitaci\u00f3n con un camarote,\u00a0con calefacci\u00f3n y ba\u00f1os compartidos.<\/p>\n<p style=\"text-align: center;\"><a href=\"http:\/\/hostalnativo.cl\/es\/wp-content\/uploads\/2011\/06\/HABITACION-TRIPLE.jpg\"><img loading=\"lazy\" decoding=\"async\" title=\"HABITACION TRIPLE\" src=\"http:\/\/hostalnativo.cl\/es\/wp-content\/uploads\/2011\/06\/HABITACION-TRIPLE-225x300.jpg\" alt=\"\" width=\"225\" height=\"300\" \/><\/a><\/p>\n<p style=\"text-align: center;\"><a href=\"http:\/\/hostalnativo.cl\/es\/wp-content\/uploads\/2011\/06\/P3160069.jpg\"><\/a><\/p>\n<ul style=\"text-align: center;\">\n<li><strong>SALA DE ESTAR<\/strong><\/li>\n<\/ul>\n<p style=\"text-align: center;\">Contamos con una sala de estar com\u00fan, con TV Cable y\u00a0WIFI.<\/p>\n<p style=\"text-align: center;\"><a href=\"http:\/\/hostalnativo.cl\/es\/wp-content\/uploads\/2011\/06\/SALA-DE-ESTAR.jpg\"><img loading=\"lazy\" decoding=\"async\" title=\"SALA DE ESTAR\" src=\"http:\/\/hostalnativo.cl\/es\/wp-content\/uploads\/2011\/06\/SALA-DE-ESTAR-300x225.jpg\" alt=\"\" width=\"300\" height=\"225\" \/><\/a><\/p>\n<p style=\"text-align: center;\"><a href=\"http:\/\/hostalnativo.cl\/es\/wp-content\/uploads\/2011\/06\/P3160055.jpg\"><\/a><\/p>\n<p style=\"text-align: center;\">Galer\u00eda de Fotos<\/p>\n\r\n<div class=\"ngg-galleryoverview\" id=\"ngg-gallery-4-801\">\r\n\r\n\t<!-- Slideshow link -->\r\n\t<div class=\"slideshowlink\">\r\n\t\t<a class=\"slideshowlink\" href=\"https:\/\/hostalnativo.cl\/es\/?page_id=801&amp;show=slide\">\r\n\t\t\t[Show as slideshow]\t\t<\/a>\r\n\t<\/div>\r\n\r\n\t\r\n\t<!-- Thumbnails -->\r\n\t\t\r\n\t<div id=\"ngg-image-66\" class=\"ngg-gallery-thumbnail-box\"  >\r\n\t\t<div class=\"ngg-gallery-thumbnail\" >\r\n\t\t\t<a href=\"https:\/\/hostalnativo.cl\/es\/wp-content\/gallery\/habitaciones\/07nativo.jpg\" title=\" \" class=\"shutterset_set_4\" >\r\n\t\t\t\t\t\t\t\t<img loading=\"lazy\" decoding=\"async\" title=\"OLYMPUS DIGITAL CAMERA\" alt=\"OLYMPUS DIGITAL CAMERA\" src=\"https:\/\/hostalnativo.cl\/es\/wp-content\/gallery\/habitaciones\/thumbs\/thumbs_07nativo.jpg\" width=\"100\" height=\"75\" \/>\r\n\t\t\t\t\t\t\t<\/a>\r\n\t\t<\/div>\r\n\t<\/div>\r\n\t\r\n\t\t\r\n \t\t\r\n\t<div id=\"ngg-image-67\" class=\"ngg-gallery-thumbnail-box\"  >\r\n\t\t<div class=\"ngg-gallery-thumbnail\" >\r\n\t\t\t<a href=\"https:\/\/hostalnativo.cl\/es\/wp-content\/gallery\/habitaciones\/08nativo.jpg\" title=\" \" class=\"shutterset_set_4\" >\r\n\t\t\t\t\t\t\t\t<img loading=\"lazy\" decoding=\"async\" title=\"OLYMPUS DIGITAL CAMERA\" alt=\"OLYMPUS DIGITAL CAMERA\" src=\"https:\/\/hostalnativo.cl\/es\/wp-content\/gallery\/habitaciones\/thumbs\/thumbs_08nativo.jpg\" width=\"100\" height=\"75\" \/>\r\n\t\t\t\t\t\t\t<\/a>\r\n\t\t<\/div>\r\n\t<\/div>\r\n\t\r\n\t\t\r\n \t\t\r\n\t<div id=\"ngg-image-68\" class=\"ngg-gallery-thumbnail-box\"  >\r\n\t\t<div class=\"ngg-gallery-thumbnail\" >\r\n\t\t\t<a href=\"https:\/\/hostalnativo.cl\/es\/wp-content\/gallery\/habitaciones\/09nativo.jpg\" title=\" \" class=\"shutterset_set_4\" >\r\n\t\t\t\t\t\t\t\t<img loading=\"lazy\" decoding=\"async\" title=\"OLYMPUS DIGITAL CAMERA\" alt=\"OLYMPUS DIGITAL CAMERA\" src=\"https:\/\/hostalnativo.cl\/es\/wp-content\/gallery\/habitaciones\/thumbs\/thumbs_09nativo.jpg\" width=\"100\" height=\"75\" \/>\r\n\t\t\t\t\t\t\t<\/a>\r\n\t\t<\/div>\r\n\t<\/div>\r\n\t\r\n\t\t\r\n \t\t\r\n\t<div id=\"ngg-image-69\" class=\"ngg-gallery-thumbnail-box\"  >\r\n\t\t<div class=\"ngg-gallery-thumbnail\" >\r\n\t\t\t<a href=\"https:\/\/hostalnativo.cl\/es\/wp-content\/gallery\/habitaciones\/10nativo.jpg\" title=\" \" class=\"shutterset_set_4\" >\r\n\t\t\t\t\t\t\t\t<img loading=\"lazy\" decoding=\"async\" title=\"OLYMPUS DIGITAL CAMERA\" alt=\"OLYMPUS DIGITAL CAMERA\" src=\"https:\/\/hostalnativo.cl\/es\/wp-content\/gallery\/habitaciones\/thumbs\/thumbs_10nativo.jpg\" width=\"100\" height=\"75\" \/>\r\n\t\t\t\t\t\t\t<\/a>\r\n\t\t<\/div>\r\n\t<\/div>\r\n\t\r\n\t\t\r\n \t\t\r\n\t<div id=\"ngg-image-70\" class=\"ngg-gallery-thumbnail-box\"  >\r\n\t\t<div class=\"ngg-gallery-thumbnail\" >\r\n\t\t\t<a href=\"https:\/\/hostalnativo.cl\/es\/wp-content\/gallery\/habitaciones\/11nativo.jpg\" title=\" \" class=\"shutterset_set_4\" >\r\n\t\t\t\t\t\t\t\t<img loading=\"lazy\" decoding=\"async\" title=\"OLYMPUS DIGITAL CAMERA\" alt=\"OLYMPUS DIGITAL CAMERA\" src=\"https:\/\/hostalnativo.cl\/es\/wp-content\/gallery\/habitaciones\/thumbs\/thumbs_11nativo.jpg\" width=\"100\" height=\"75\" \/>\r\n\t\t\t\t\t\t\t<\/a>\r\n\t\t<\/div>\r\n\t<\/div>\r\n\t\r\n\t\t\r\n \t\t\r\n\t<div id=\"ngg-image-71\" class=\"ngg-gallery-thumbnail-box\"  >\r\n\t\t<div class=\"ngg-gallery-thumbnail\" >\r\n\t\t\t<a href=\"https:\/\/hostalnativo.cl\/es\/wp-content\/gallery\/habitaciones\/12nativo.jpg\" title=\" \" class=\"shutterset_set_4\" >\r\n\t\t\t\t\t\t\t\t<img loading=\"lazy\" decoding=\"async\" title=\"OLYMPUS DIGITAL CAMERA\" alt=\"OLYMPUS DIGITAL CAMERA\" src=\"https:\/\/hostalnativo.cl\/es\/wp-content\/gallery\/habitaciones\/thumbs\/thumbs_12nativo.jpg\" width=\"100\" height=\"75\" \/>\r\n\t\t\t\t\t\t\t<\/a>\r\n\t\t<\/div>\r\n\t<\/div>\r\n\t\r\n\t\t\r\n \t\t\r\n\t<div id=\"ngg-image-72\" class=\"ngg-gallery-thumbnail-box\"  >\r\n\t\t<div class=\"ngg-gallery-thumbnail\" >\r\n\t\t\t<a href=\"https:\/\/hostalnativo.cl\/es\/wp-content\/gallery\/habitaciones\/13nativo.jpg\" title=\" \" class=\"shutterset_set_4\" >\r\n\t\t\t\t\t\t\t\t<img loading=\"lazy\" decoding=\"async\" title=\"OLYMPUS DIGITAL CAMERA\" alt=\"OLYMPUS DIGITAL CAMERA\" src=\"https:\/\/hostalnativo.cl\/es\/wp-content\/gallery\/habitaciones\/thumbs\/thumbs_13nativo.jpg\" width=\"100\" height=\"75\" \/>\r\n\t\t\t\t\t\t\t<\/a>\r\n\t\t<\/div>\r\n\t<\/div>\r\n\t\r\n\t\t\r\n \t\t\r\n\t<div id=\"ngg-image-73\" class=\"ngg-gallery-thumbnail-box\"  >\r\n\t\t<div class=\"ngg-gallery-thumbnail\" >\r\n\t\t\t<a href=\"https:\/\/hostalnativo.cl\/es\/wp-content\/gallery\/habitaciones\/14nativo.jpg\" title=\" \" class=\"shutterset_set_4\" >\r\n\t\t\t\t\t\t\t\t<img loading=\"lazy\" decoding=\"async\" title=\"OLYMPUS DIGITAL CAMERA\" alt=\"OLYMPUS DIGITAL CAMERA\" src=\"https:\/\/hostalnativo.cl\/es\/wp-content\/gallery\/habitaciones\/thumbs\/thumbs_14nativo.jpg\" width=\"100\" height=\"75\" \/>\r\n\t\t\t\t\t\t\t<\/a>\r\n\t\t<\/div>\r\n\t<\/div>\r\n\t\r\n\t\t\r\n \t\t\r\n\t<div id=\"ngg-image-74\" class=\"ngg-gallery-thumbnail-box\"  >\r\n\t\t<div class=\"ngg-gallery-thumbnail\" >\r\n\t\t\t<a href=\"https:\/\/hostalnativo.cl\/es\/wp-content\/gallery\/habitaciones\/15nativo.jpg\" title=\" \" class=\"shutterset_set_4\" >\r\n\t\t\t\t\t\t\t\t<img loading=\"lazy\" decoding=\"async\" title=\"OLYMPUS DIGITAL CAMERA\" alt=\"OLYMPUS DIGITAL CAMERA\" src=\"https:\/\/hostalnativo.cl\/es\/wp-content\/gallery\/habitaciones\/thumbs\/thumbs_15nativo.jpg\" width=\"100\" height=\"75\" \/>\r\n\t\t\t\t\t\t\t<\/a>\r\n\t\t<\/div>\r\n\t<\/div>\r\n\t\r\n\t\t\r\n \t \t\r\n\t<!-- Pagination -->\r\n \t<div class='ngg-clear'><\/div>\n \t\r\n<\/div>\r\n\r\n\n<p><a href=\"http:\/\/hostalnativo.cl\/es\/wp-content\/uploads\/2011\/06\/P3160055.jpg\"><\/a><\/p>\n<p>Galer\u00eda de Fotos<\/p>\n\r\n<div class=\"ngg-galleryoverview\" id=\"ngg-gallery-4-801\">\r\n\r\n\t<!-- Slideshow link -->\r\n\t<div class=\"slideshowlink\">\r\n\t\t<a class=\"slideshowlink\" href=\"https:\/\/hostalnativo.cl\/es\/?page_id=801&amp;show=slide\">\r\n\t\t\t[Show as slideshow]\t\t<\/a>\r\n\t<\/div>\r\n\r\n\t\r\n\t<!-- Thumbnails -->\r\n\t\t\r\n\t<div id=\"ngg-image-66\" class=\"ngg-gallery-thumbnail-box\"  >\r\n\t\t<div class=\"ngg-gallery-thumbnail\" >\r\n\t\t\t<a href=\"https:\/\/hostalnativo.cl\/es\/wp-content\/gallery\/habitaciones\/07nativo.jpg\" title=\" \" class=\"shutterset_set_4\" >\r\n\t\t\t\t\t\t\t\t<img loading=\"lazy\" decoding=\"async\" title=\"OLYMPUS DIGITAL CAMERA\" alt=\"OLYMPUS DIGITAL CAMERA\" src=\"https:\/\/hostalnativo.cl\/es\/wp-content\/gallery\/habitaciones\/thumbs\/thumbs_07nativo.jpg\" width=\"100\" height=\"75\" \/>\r\n\t\t\t\t\t\t\t<\/a>\r\n\t\t<\/div>\r\n\t<\/div>\r\n\t\r\n\t\t\r\n \t\t\r\n\t<div id=\"ngg-image-67\" class=\"ngg-gallery-thumbnail-box\"  >\r\n\t\t<div class=\"ngg-gallery-thumbnail\" >\r\n\t\t\t<a href=\"https:\/\/hostalnativo.cl\/es\/wp-content\/gallery\/habitaciones\/08nativo.jpg\" title=\" \" class=\"shutterset_set_4\" >\r\n\t\t\t\t\t\t\t\t<img loading=\"lazy\" decoding=\"async\" title=\"OLYMPUS DIGITAL CAMERA\" alt=\"OLYMPUS DIGITAL CAMERA\" src=\"https:\/\/hostalnativo.cl\/es\/wp-content\/gallery\/habitaciones\/thumbs\/thumbs_08nativo.jpg\" width=\"100\" height=\"75\" \/>\r\n\t\t\t\t\t\t\t<\/a>\r\n\t\t<\/div>\r\n\t<\/div>\r\n\t\r\n\t\t\r\n \t\t\r\n\t<div id=\"ngg-image-68\" class=\"ngg-gallery-thumbnail-box\"  >\r\n\t\t<div class=\"ngg-gallery-thumbnail\" >\r\n\t\t\t<a href=\"https:\/\/hostalnativo.cl\/es\/wp-content\/gallery\/habitaciones\/09nativo.jpg\" title=\" \" class=\"shutterset_set_4\" >\r\n\t\t\t\t\t\t\t\t<img loading=\"lazy\" decoding=\"async\" title=\"OLYMPUS DIGITAL CAMERA\" alt=\"OLYMPUS DIGITAL CAMERA\" src=\"https:\/\/hostalnativo.cl\/es\/wp-content\/gallery\/habitaciones\/thumbs\/thumbs_09nativo.jpg\" width=\"100\" height=\"75\" \/>\r\n\t\t\t\t\t\t\t<\/a>\r\n\t\t<\/div>\r\n\t<\/div>\r\n\t\r\n\t\t\r\n \t\t\r\n\t<div id=\"ngg-image-69\" class=\"ngg-gallery-thumbnail-box\"  >\r\n\t\t<div class=\"ngg-gallery-thumbnail\" >\r\n\t\t\t<a href=\"https:\/\/hostalnativo.cl\/es\/wp-content\/gallery\/habitaciones\/10nativo.jpg\" title=\" \" class=\"shutterset_set_4\" >\r\n\t\t\t\t\t\t\t\t<img loading=\"lazy\" decoding=\"async\" title=\"OLYMPUS DIGITAL CAMERA\" alt=\"OLYMPUS DIGITAL CAMERA\" src=\"https:\/\/hostalnativo.cl\/es\/wp-content\/gallery\/habitaciones\/thumbs\/thumbs_10nativo.jpg\" width=\"100\" height=\"75\" \/>\r\n\t\t\t\t\t\t\t<\/a>\r\n\t\t<\/div>\r\n\t<\/div>\r\n\t\r\n\t\t\r\n \t\t\r\n\t<div id=\"ngg-image-70\" class=\"ngg-gallery-thumbnail-box\"  >\r\n\t\t<div class=\"ngg-gallery-thumbnail\" >\r\n\t\t\t<a href=\"https:\/\/hostalnativo.cl\/es\/wp-content\/gallery\/habitaciones\/11nativo.jpg\" title=\" \" class=\"shutterset_set_4\" >\r\n\t\t\t\t\t\t\t\t<img loading=\"lazy\" decoding=\"async\" title=\"OLYMPUS DIGITAL CAMERA\" alt=\"OLYMPUS DIGITAL CAMERA\" src=\"https:\/\/hostalnativo.cl\/es\/wp-content\/gallery\/habitaciones\/thumbs\/thumbs_11nativo.jpg\" width=\"100\" height=\"75\" \/>\r\n\t\t\t\t\t\t\t<\/a>\r\n\t\t<\/div>\r\n\t<\/div>\r\n\t\r\n\t\t\r\n \t\t\r\n\t<div id=\"ngg-image-71\" class=\"ngg-gallery-thumbnail-box\"  >\r\n\t\t<div class=\"ngg-gallery-thumbnail\" >\r\n\t\t\t<a href=\"https:\/\/hostalnativo.cl\/es\/wp-content\/gallery\/habitaciones\/12nativo.jpg\" title=\" \" class=\"shutterset_set_4\" >\r\n\t\t\t\t\t\t\t\t<img loading=\"lazy\" decoding=\"async\" title=\"OLYMPUS DIGITAL CAMERA\" alt=\"OLYMPUS DIGITAL CAMERA\" src=\"https:\/\/hostalnativo.cl\/es\/wp-content\/gallery\/habitaciones\/thumbs\/thumbs_12nativo.jpg\" width=\"100\" height=\"75\" \/>\r\n\t\t\t\t\t\t\t<\/a>\r\n\t\t<\/div>\r\n\t<\/div>\r\n\t\r\n\t\t\r\n \t\t\r\n\t<div id=\"ngg-image-72\" class=\"ngg-gallery-thumbnail-box\"  >\r\n\t\t<div class=\"ngg-gallery-thumbnail\" >\r\n\t\t\t<a href=\"https:\/\/hostalnativo.cl\/es\/wp-content\/gallery\/habitaciones\/13nativo.jpg\" title=\" \" class=\"shutterset_set_4\" >\r\n\t\t\t\t\t\t\t\t<img loading=\"lazy\" decoding=\"async\" title=\"OLYMPUS DIGITAL CAMERA\" alt=\"OLYMPUS DIGITAL CAMERA\" src=\"https:\/\/hostalnativo.cl\/es\/wp-content\/gallery\/habitaciones\/thumbs\/thumbs_13nativo.jpg\" width=\"100\" height=\"75\" \/>\r\n\t\t\t\t\t\t\t<\/a>\r\n\t\t<\/div>\r\n\t<\/div>\r\n\t\r\n\t\t\r\n \t\t\r\n\t<div id=\"ngg-image-73\" class=\"ngg-gallery-thumbnail-box\"  >\r\n\t\t<div class=\"ngg-gallery-thumbnail\" >\r\n\t\t\t<a href=\"https:\/\/hostalnativo.cl\/es\/wp-content\/gallery\/habitaciones\/14nativo.jpg\" title=\" \" class=\"shutterset_set_4\" >\r\n\t\t\t\t\t\t\t\t<img loading=\"lazy\" decoding=\"async\" title=\"OLYMPUS DIGITAL CAMERA\" alt=\"OLYMPUS DIGITAL CAMERA\" src=\"https:\/\/hostalnativo.cl\/es\/wp-content\/gallery\/habitaciones\/thumbs\/thumbs_14nativo.jpg\" width=\"100\" height=\"75\" \/>\r\n\t\t\t\t\t\t\t<\/a>\r\n\t\t<\/div>\r\n\t<\/div>\r\n\t\r\n\t\t\r\n \t\t\r\n\t<div id=\"ngg-image-74\" class=\"ngg-gallery-thumbnail-box\"  >\r\n\t\t<div class=\"ngg-gallery-thumbnail\" >\r\n\t\t\t<a href=\"https:\/\/hostalnativo.cl\/es\/wp-content\/gallery\/habitaciones\/15nativo.jpg\" title=\" \" class=\"shutterset_set_4\" >\r\n\t\t\t\t\t\t\t\t<img loading=\"lazy\" decoding=\"async\" title=\"OLYMPUS DIGITAL CAMERA\" alt=\"OLYMPUS DIGITAL CAMERA\" src=\"https:\/\/hostalnativo.cl\/es\/wp-content\/gallery\/habitaciones\/thumbs\/thumbs_15nativo.jpg\" width=\"100\" height=\"75\" \/>\r\n\t\t\t\t\t\t\t<\/a>\r\n\t\t<\/div>\r\n\t<\/div>\r\n\t\r\n\t\t\r\n \t \t\r\n\t<!-- Pagination -->\r\n \t<div class='ngg-clear'><\/div>\n \t\r\n<\/div>\r\n\r\n\n","protected":false},"excerpt":{"rendered":"<p>HOSTAL NATIVO Tenemos a su disposici\u00f3n, un Hostal\u00a0en el Centro de Lonquimay con todas las comodidades para su estad\u00eda. Ubicado en el Centro de Lonquimay, ofrecemos servicios de Alojamientos, a Familias, Grupos, Empresas, y Turistas. Contamos con los siguientes tipos de Habitaciones en Hostal Nativo, todas con Calefacci\u00f3n, Tv Cable, Wifi y desayuno incluido en las tarifas. Tenemos formas de pago como, transferencias bancarias, tarjetas, redcompra, pesos Argentinos y D\u00f3lares HABITACIONES\u00a0 MATRIMONIALES \u00a0Habitaci\u00f3nes con ba\u00f1o en Suite totalmente equipado, Tv<a href=\"https:\/\/hostalnativo.cl\/es\/?page_id=801\">&nbsp;&nbsp;[ Read More ]<\/a><\/p>\n","protected":false},"author":1,"featured_media":0,"parent":0,"menu_order":0,"comment_status":"open","ping_status":"open","template":"","meta":{"footnotes":""},"_links":{"self":[{"href":"https:\/\/hostalnativo.cl\/es\/index.php?rest_route=\/wp\/v2\/pages\/801"}],"collection":[{"href":"https:\/\/hostalnativo.cl\/es\/index.php?rest_route=\/wp\/v2\/pages"}],"about":[{"href":"https:\/\/hostalnativo.cl\/es\/index.php?rest_route=\/wp\/v2\/types\/page"}],"author":[{"embeddable":true,"href":"https:\/\/hostalnativo.cl\/es\/index.php?rest_route=\/wp\/v2\/users\/1"}],"replies":[{"embeddable":true,"href":"https:\/\/hostalnativo.cl\/es\/index.php?rest_route=%2Fwp%2Fv2%2Fcomments&post=801"}],"version-history":[{"count":2,"href":"https:\/\/hostalnativo.cl\/es\/index.php?rest_route=\/wp\/v2\/pages\/801\/revisions"}],"predecessor-version":[{"id":854,"href":"https:\/\/hostalnativo.cl\/es\/index.php?rest_route=\/wp\/v2\/pages\/801\/revisions\/854"}],"wp:attachment":[{"href":"https:\/\/hostalnativo.cl\/es\/index.php?rest_route=%2Fwp%2Fv2%2Fmedia&parent=801"}],"curies":[{"name":"wp","href":"https:\/\/api.w.org\/{rel}","templated":true}]}}