{"id":785,"date":"2013-11-06T18:53:09","date_gmt":"2013-11-06T18:53:09","guid":{"rendered":"http:\/\/hostalnativo.cl\/es\/?page_id=785"},"modified":"2016-06-21T19:22:06","modified_gmt":"2016-06-21T19:22:06","slug":"cabana-centro-en-lonquimay","status":"publish","type":"page","link":"https:\/\/hostalnativo.cl\/es\/?page_id=785","title":{"rendered":"CABA\u00d1A AIRES PATAGONICOS 1"},"content":{"rendered":"<p style=\"text-align: center;\"><strong>CABA\u00d1A, AIRES PATAGONICOS 1<\/strong><\/p>\n<p style=\"text-align: center;\">Contamos con una caba\u00f1a totalmente equipada para 6 personas en el centro de Lonquimay. Cuenta con una habitaci\u00f3n matrimonial en suite en el primer piso y dos habitaciones dobles en el segundo piso m\u00e1s un fut\u00f3n en la sala de estar y un ba\u00f1o completo. Cuenta con calefacci\u00f3n a combusti\u00f3n lenta y estacionamiento.<\/p>\n<p><a href=\"http:\/\/hostalnativo.cl\/es\/wp-content\/uploads\/2011\/06\/2013-07-08-16.40.05.jpg\"><img loading=\"lazy\" decoding=\"async\" class=\"aligncenter size-medium wp-image-752\" title=\"CABA\u00d1A LONQUIMAY\" src=\"http:\/\/hostalnativo.cl\/es\/wp-content\/uploads\/2011\/06\/2013-07-08-16.40.05-300x225.jpg\" alt=\"CABA\u00d1A CORRALCO\" width=\"300\" height=\"225\" srcset=\"https:\/\/hostalnativo.cl\/es\/wp-content\/uploads\/2011\/06\/2013-07-08-16.40.05-300x225.jpg 300w, https:\/\/hostalnativo.cl\/es\/wp-content\/uploads\/2011\/06\/2013-07-08-16.40.05-1024x768.jpg 1024w, https:\/\/hostalnativo.cl\/es\/wp-content\/uploads\/2011\/06\/2013-07-08-16.40.05-80x60.jpg 80w, https:\/\/hostalnativo.cl\/es\/wp-content\/uploads\/2011\/06\/2013-07-08-16.40.05.jpg 1280w\" sizes=\"(max-width: 300px) 100vw, 300px\" \/><\/a><\/p>\n<p><a href=\"http:\/\/hostalnativo.cl\/es\/wp-content\/uploads\/2011\/06\/2013-07-08-16.40.39.jpg\"><img loading=\"lazy\" decoding=\"async\" class=\"aligncenter size-medium wp-image-753\" title=\"CABA\u00d1A LONQUIMAY\" src=\"http:\/\/hostalnativo.cl\/es\/wp-content\/uploads\/2011\/06\/2013-07-08-16.40.39-300x225.jpg\" alt=\"CABA\u00d1A MALALCAHUELLO\" width=\"300\" height=\"225\" srcset=\"https:\/\/hostalnativo.cl\/es\/wp-content\/uploads\/2011\/06\/2013-07-08-16.40.39-300x225.jpg 300w, https:\/\/hostalnativo.cl\/es\/wp-content\/uploads\/2011\/06\/2013-07-08-16.40.39-1024x768.jpg 1024w, https:\/\/hostalnativo.cl\/es\/wp-content\/uploads\/2011\/06\/2013-07-08-16.40.39-80x60.jpg 80w, https:\/\/hostalnativo.cl\/es\/wp-content\/uploads\/2011\/06\/2013-07-08-16.40.39.jpg 1280w\" sizes=\"(max-width: 300px) 100vw, 300px\" \/><\/a><\/p>\n<p><a href=\"http:\/\/hostalnativo.cl\/es\/wp-content\/uploads\/2011\/06\/2013-07-08-16.42.02.jpg\"><img loading=\"lazy\" decoding=\"async\" class=\"aligncenter size-medium wp-image-754\" title=\"CABA\u00d1A LONQUIMAY\" src=\"http:\/\/hostalnativo.cl\/es\/wp-content\/uploads\/2011\/06\/2013-07-08-16.42.02-300x225.jpg\" alt=\"CABA\u00d1A LONQUIMAY\" width=\"300\" height=\"225\" srcset=\"https:\/\/hostalnativo.cl\/es\/wp-content\/uploads\/2011\/06\/2013-07-08-16.42.02-300x225.jpg 300w, https:\/\/hostalnativo.cl\/es\/wp-content\/uploads\/2011\/06\/2013-07-08-16.42.02-1024x768.jpg 1024w, https:\/\/hostalnativo.cl\/es\/wp-content\/uploads\/2011\/06\/2013-07-08-16.42.02-80x60.jpg 80w, https:\/\/hostalnativo.cl\/es\/wp-content\/uploads\/2011\/06\/2013-07-08-16.42.02.jpg 1280w\" sizes=\"(max-width: 300px) 100vw, 300px\" \/><\/a><\/p>\n<p><a href=\"http:\/\/hostalnativo.cl\/es\/wp-content\/uploads\/2011\/06\/2013-07-08-16.41.36.jpg\"><img loading=\"lazy\" decoding=\"async\" class=\"aligncenter size-medium wp-image-755\" title=\"DONDE DORMIR EN LONQUIMAY\" src=\"http:\/\/hostalnativo.cl\/es\/wp-content\/uploads\/2011\/06\/2013-07-08-16.41.36-300x225.jpg\" alt=\"ALOJAMIENTO LONQUIMAY\" width=\"300\" height=\"225\" srcset=\"https:\/\/hostalnativo.cl\/es\/wp-content\/uploads\/2011\/06\/2013-07-08-16.41.36-300x225.jpg 300w, https:\/\/hostalnativo.cl\/es\/wp-content\/uploads\/2011\/06\/2013-07-08-16.41.36-1024x768.jpg 1024w, https:\/\/hostalnativo.cl\/es\/wp-content\/uploads\/2011\/06\/2013-07-08-16.41.36-80x60.jpg 80w, https:\/\/hostalnativo.cl\/es\/wp-content\/uploads\/2011\/06\/2013-07-08-16.41.36.jpg 1280w\" sizes=\"(max-width: 300px) 100vw, 300px\" \/><\/a><a href=\"http:\/\/hostalnativo.cl\/es\/wp-content\/uploads\/2011\/06\/2013-07-08-16.42.32.jpg\"><\/a><\/p>\n<p><a href=\"http:\/\/hostalnativo.cl\/es\/wp-content\/uploads\/2011\/06\/2013-07-08-16.42.32.jpg\"><img loading=\"lazy\" decoding=\"async\" class=\"aligncenter size-medium wp-image-756\" title=\"ALOJAMIENTO LONQUIMAY\" src=\"http:\/\/hostalnativo.cl\/es\/wp-content\/uploads\/2011\/06\/2013-07-08-16.42.32-300x225.jpg\" alt=\"DONDE DORMIR EN LONQUMAY\" width=\"300\" height=\"225\" srcset=\"https:\/\/hostalnativo.cl\/es\/wp-content\/uploads\/2011\/06\/2013-07-08-16.42.32-300x225.jpg 300w, https:\/\/hostalnativo.cl\/es\/wp-content\/uploads\/2011\/06\/2013-07-08-16.42.32-1024x768.jpg 1024w, https:\/\/hostalnativo.cl\/es\/wp-content\/uploads\/2011\/06\/2013-07-08-16.42.32-80x60.jpg 80w, https:\/\/hostalnativo.cl\/es\/wp-content\/uploads\/2011\/06\/2013-07-08-16.42.32.jpg 1280w\" sizes=\"(max-width: 300px) 100vw, 300px\" \/><\/a><\/p>\n<p><a href=\"http:\/\/hostalnativo.cl\/es\/wp-content\/uploads\/2011\/06\/2013-07-08-16.42.46.jpg\"><img loading=\"lazy\" decoding=\"async\" class=\"aligncenter size-medium wp-image-757\" title=\"DONDE DORMIR EN LONQUIMAY\" src=\"http:\/\/hostalnativo.cl\/es\/wp-content\/uploads\/2011\/06\/2013-07-08-16.42.46-300x225.jpg\" alt=\"ALOJAMIENTO LONQUMAY\" width=\"300\" height=\"225\" srcset=\"https:\/\/hostalnativo.cl\/es\/wp-content\/uploads\/2011\/06\/2013-07-08-16.42.46-300x225.jpg 300w, https:\/\/hostalnativo.cl\/es\/wp-content\/uploads\/2011\/06\/2013-07-08-16.42.46-1024x768.jpg 1024w, https:\/\/hostalnativo.cl\/es\/wp-content\/uploads\/2011\/06\/2013-07-08-16.42.46-80x60.jpg 80w, https:\/\/hostalnativo.cl\/es\/wp-content\/uploads\/2011\/06\/2013-07-08-16.42.46.jpg 1280w\" sizes=\"(max-width: 300px) 100vw, 300px\" \/><\/a><\/p>\n<p><a href=\"http:\/\/hostalnativo.cl\/es\/wp-content\/uploads\/2011\/06\/2013-07-08-16.42.18.jpg\"><img loading=\"lazy\" decoding=\"async\" class=\"aligncenter size-medium wp-image-759\" title=\"CABA\u00d1A LONQUIMAY\" src=\"http:\/\/hostalnativo.cl\/es\/wp-content\/uploads\/2011\/06\/2013-07-08-16.42.18-300x225.jpg\" alt=\"CABA\u00d1A LONQUIMAY\" width=\"300\" height=\"225\" srcset=\"https:\/\/hostalnativo.cl\/es\/wp-content\/uploads\/2011\/06\/2013-07-08-16.42.18-300x225.jpg 300w, https:\/\/hostalnativo.cl\/es\/wp-content\/uploads\/2011\/06\/2013-07-08-16.42.18-1024x768.jpg 1024w, https:\/\/hostalnativo.cl\/es\/wp-content\/uploads\/2011\/06\/2013-07-08-16.42.18-80x60.jpg 80w, https:\/\/hostalnativo.cl\/es\/wp-content\/uploads\/2011\/06\/2013-07-08-16.42.18.jpg 1280w\" sizes=\"(max-width: 300px) 100vw, 300px\" \/><\/a><\/p>\n<p><a href=\"http:\/\/hostalnativo.cl\/es\/wp-content\/uploads\/2011\/06\/2013-07-08-16.43.10.jpg\"><img loading=\"lazy\" decoding=\"async\" class=\"aligncenter size-medium wp-image-758\" title=\"CABA\u00d1A CORRALCO\" src=\"http:\/\/hostalnativo.cl\/es\/wp-content\/uploads\/2011\/06\/2013-07-08-16.43.10-300x225.jpg\" alt=\"CABA\u00d1A LONQUIMAY\" width=\"300\" height=\"225\" srcset=\"https:\/\/hostalnativo.cl\/es\/wp-content\/uploads\/2011\/06\/2013-07-08-16.43.10-300x225.jpg 300w, https:\/\/hostalnativo.cl\/es\/wp-content\/uploads\/2011\/06\/2013-07-08-16.43.10-1024x768.jpg 1024w, https:\/\/hostalnativo.cl\/es\/wp-content\/uploads\/2011\/06\/2013-07-08-16.43.10-80x60.jpg 80w, https:\/\/hostalnativo.cl\/es\/wp-content\/uploads\/2011\/06\/2013-07-08-16.43.10.jpg 1280w\" sizes=\"(max-width: 300px) 100vw, 300px\" \/><\/a><\/p>\n<p><a href=\"http:\/\/hostalnativo.cl\/es\/wp-content\/uploads\/2011\/06\/2013-07-08-16.40.55.jpg\"><img loading=\"lazy\" decoding=\"async\" class=\"aligncenter size-medium wp-image-760\" title=\"CABA\u00d1A LONQUMAY\" src=\"http:\/\/hostalnativo.cl\/es\/wp-content\/uploads\/2011\/06\/2013-07-08-16.40.55-300x225.jpg\" alt=\"CABA\u00d1A CORRALCO\" width=\"300\" height=\"225\" srcset=\"https:\/\/hostalnativo.cl\/es\/wp-content\/uploads\/2011\/06\/2013-07-08-16.40.55-300x225.jpg 300w, https:\/\/hostalnativo.cl\/es\/wp-content\/uploads\/2011\/06\/2013-07-08-16.40.55-1024x768.jpg 1024w, https:\/\/hostalnativo.cl\/es\/wp-content\/uploads\/2011\/06\/2013-07-08-16.40.55-80x60.jpg 80w, https:\/\/hostalnativo.cl\/es\/wp-content\/uploads\/2011\/06\/2013-07-08-16.40.55.jpg 1280w\" sizes=\"(max-width: 300px) 100vw, 300px\" \/><\/a><\/p>\n","protected":false},"excerpt":{"rendered":"<p>CABA\u00d1A, AIRES PATAGONICOS 1 Contamos con una caba\u00f1a totalmente equipada para 6 personas en el centro de Lonquimay. Cuenta con una habitaci\u00f3n matrimonial en suite en el primer piso y dos habitaciones dobles en el segundo piso m\u00e1s un fut\u00f3n en la sala de estar y un ba\u00f1o completo. Cuenta con calefacci\u00f3n a combusti\u00f3n lenta y estacionamiento.<\/p>\n","protected":false},"author":1,"featured_media":0,"parent":0,"menu_order":0,"comment_status":"open","ping_status":"open","template":"","meta":{"footnotes":""},"_links":{"self":[{"href":"https:\/\/hostalnativo.cl\/es\/index.php?rest_route=\/wp\/v2\/pages\/785"}],"collection":[{"href":"https:\/\/hostalnativo.cl\/es\/index.php?rest_route=\/wp\/v2\/pages"}],"about":[{"href":"https:\/\/hostalnativo.cl\/es\/index.php?rest_route=\/wp\/v2\/types\/page"}],"author":[{"embeddable":true,"href":"https:\/\/hostalnativo.cl\/es\/index.php?rest_route=\/wp\/v2\/users\/1"}],"replies":[{"embeddable":true,"href":"https:\/\/hostalnativo.cl\/es\/index.php?rest_route=%2Fwp%2Fv2%2Fcomments&post=785"}],"version-history":[{"count":8,"href":"https:\/\/hostalnativo.cl\/es\/index.php?rest_route=\/wp\/v2\/pages\/785\/revisions"}],"predecessor-version":[{"id":963,"href":"https:\/\/hostalnativo.cl\/es\/index.php?rest_route=\/wp\/v2\/pages\/785\/revisions\/963"}],"wp:attachment":[{"href":"https:\/\/hostalnativo.cl\/es\/index.php?rest_route=%2Fwp%2Fv2%2Fmedia&parent=785"}],"curies":[{"name":"wp","href":"https:\/\/api.w.org\/{rel}","templated":true}]}}