{"id":782,"date":"2013-11-06T18:51:38","date_gmt":"2013-11-06T18:51:38","guid":{"rendered":"http:\/\/hostalnativo.cl\/es\/?page_id=782"},"modified":"2013-11-06T19:08:25","modified_gmt":"2013-11-06T19:08:25","slug":"cabana-alelin-centro-de-lonquimay","status":"publish","type":"page","link":"https:\/\/hostalnativo.cl\/es\/?page_id=782","title":{"rendered":"CABA\u00d1A ALELIN"},"content":{"rendered":"<p style=\"text-align: center;\"><strong>CABA\u00d1A ALELIN, CENTRO DE LONQUIMAY<\/strong><\/p>\n<p style=\"text-align: center;\">Contamos con una caba\u00f1a totalmente equipada para\u00a06 personas en el centro de Lonquimay. Cuenta con una habitaci\u00f3n matrimonial\u00a0 y ba\u00f1o en el primer piso\u00a0\u00a0y dos habitaciones dobles en el segundo piso. Adem\u00e1s de cocina americana, living, y calefacci\u00f3n con combusti\u00f3n lenta y a gas. Estacionamiento.<\/p>\n<p><a href=\"http:\/\/hostalnativo.cl\/es\/wp-content\/uploads\/2011\/06\/2013-07-02-12.04.42.jpg\"><img loading=\"lazy\" decoding=\"async\" class=\"aligncenter\" title=\"CABA\u00d1A CENTRO DE LONQUIMAY\" src=\"http:\/\/hostalnativo.cl\/es\/wp-content\/uploads\/2011\/06\/2013-07-02-12.04.42-300x225.jpg\" alt=\"CABA\u00d1A ALELIN LONQUIMAY\" width=\"300\" height=\"225\" \/><\/a><\/p>\n<p><strong><a href=\"http:\/\/hostalnativo.cl\/es\/wp-content\/uploads\/2011\/06\/2013-07-02-12.04.19.jpg\"><img loading=\"lazy\" decoding=\"async\" class=\"aligncenter\" title=\"CABA\u00d1A , CENTRO DE LONQUIMAY\" src=\"http:\/\/hostalnativo.cl\/es\/wp-content\/uploads\/2011\/06\/2013-07-02-12.04.19-300x225.jpg\" alt=\"CABA\u00d1A CORRALCO MALALCAHUELLO\" width=\"300\" height=\"225\" \/><\/a><\/strong><\/p>\n<p><a href=\"http:\/\/hostalnativo.cl\/es\/wp-content\/uploads\/2011\/06\/2013-07-08-17.13.30.jpg\"><img loading=\"lazy\" decoding=\"async\" class=\"aligncenter\" title=\"CABA\u00d1A LONQUIMAY\" src=\"http:\/\/hostalnativo.cl\/es\/wp-content\/uploads\/2011\/06\/2013-07-08-17.13.30-300x225.jpg\" alt=\"CABA\u00d1A CORRALCO\" width=\"300\" height=\"225\" \/><\/a><\/p>\n<p><strong>\u00a0<\/strong><\/p>\n<p><strong><a href=\"http:\/\/hostalnativo.cl\/es\/wp-content\/uploads\/2011\/06\/2013-07-02-11.59.331.jpg\"><img loading=\"lazy\" decoding=\"async\" class=\"aligncenter\" title=\"CABA\u00d1A LONQUIMAY\" src=\"http:\/\/hostalnativo.cl\/es\/wp-content\/uploads\/2011\/06\/2013-07-02-11.59.331-300x225.jpg\" alt=\"CORRALCO MALALCAHUELLO\" width=\"300\" height=\"225\" \/><\/a><\/strong><\/p>\n<p><strong><a href=\"http:\/\/hostalnativo.cl\/es\/wp-content\/uploads\/2011\/06\/2013-07-02-12.01.10.jpg\"><img loading=\"lazy\" decoding=\"async\" class=\"aligncenter\" title=\"CABA\u00d1A LONQUIMAY\" src=\"http:\/\/hostalnativo.cl\/es\/wp-content\/uploads\/2011\/06\/2013-07-02-12.01.10-300x225.jpg\" alt=\"CABA\u00d1A CORRALCO\" width=\"300\" height=\"225\" \/><\/a><\/strong><\/p>\n<p><strong><a href=\"http:\/\/hostalnativo.cl\/es\/wp-content\/uploads\/2011\/06\/2013-07-02-12.01.31.jpg\"><img loading=\"lazy\" decoding=\"async\" class=\"aligncenter\" title=\"CABA\u00d1A LONQUIMAY\" src=\"http:\/\/hostalnativo.cl\/es\/wp-content\/uploads\/2011\/06\/2013-07-02-12.01.31-300x225.jpg\" alt=\"CABA\u00d1A MALALCAHUELLO\" width=\"300\" height=\"225\" \/><\/a><\/strong><\/p>\n<p><strong><a href=\"http:\/\/hostalnativo.cl\/es\/wp-content\/uploads\/2011\/06\/2013-07-02-11.58.55.jpg\"><img loading=\"lazy\" decoding=\"async\" class=\"aligncenter\" title=\"CABA\u00d1A LONQUIMAY\" src=\"http:\/\/hostalnativo.cl\/es\/wp-content\/uploads\/2011\/06\/2013-07-02-11.58.55-225x300.jpg\" alt=\"CABA\u00d1A CORRALCO MALALCAHUELLO\" width=\"225\" height=\"300\" \/><\/a><\/strong><\/p>\n<p><strong>\u00a0<\/strong><\/p>\n<p><strong><a href=\"http:\/\/hostalnativo.cl\/es\/wp-content\/uploads\/2011\/06\/2013-07-08-17.13.58.jpg\"><img loading=\"lazy\" decoding=\"async\" class=\"aligncenter\" title=\"CABA\u00d1A LONQUIMAY\" src=\"http:\/\/hostalnativo.cl\/es\/wp-content\/uploads\/2011\/06\/2013-07-08-17.13.58-300x225.jpg\" alt=\"CABA\u00d1A LONQUIMAY\" width=\"300\" height=\"225\" \/><\/a><\/strong><\/p>\n<p><strong>\u00a0<\/strong><\/p>\n","protected":false},"excerpt":{"rendered":"<p>CABA\u00d1A ALELIN, CENTRO DE LONQUIMAY Contamos con una caba\u00f1a totalmente equipada para\u00a06 personas en el centro de Lonquimay. Cuenta con una habitaci\u00f3n matrimonial\u00a0 y ba\u00f1o en el primer piso\u00a0\u00a0y dos habitaciones dobles en el segundo piso. Adem\u00e1s de cocina americana, living, y calefacci\u00f3n con combusti\u00f3n lenta y a gas. Estacionamiento. \u00a0 \u00a0 \u00a0<\/p>\n","protected":false},"author":1,"featured_media":0,"parent":0,"menu_order":0,"comment_status":"open","ping_status":"open","template":"","meta":{"footnotes":""},"_links":{"self":[{"href":"https:\/\/hostalnativo.cl\/es\/index.php?rest_route=\/wp\/v2\/pages\/782"}],"collection":[{"href":"https:\/\/hostalnativo.cl\/es\/index.php?rest_route=\/wp\/v2\/pages"}],"about":[{"href":"https:\/\/hostalnativo.cl\/es\/index.php?rest_route=\/wp\/v2\/types\/page"}],"author":[{"embeddable":true,"href":"https:\/\/hostalnativo.cl\/es\/index.php?rest_route=\/wp\/v2\/users\/1"}],"replies":[{"embeddable":true,"href":"https:\/\/hostalnativo.cl\/es\/index.php?rest_route=%2Fwp%2Fv2%2Fcomments&post=782"}],"version-history":[{"count":3,"href":"https:\/\/hostalnativo.cl\/es\/index.php?rest_route=\/wp\/v2\/pages\/782\/revisions"}],"predecessor-version":[{"id":1056,"href":"https:\/\/hostalnativo.cl\/es\/index.php?rest_route=\/wp\/v2\/pages\/782\/revisions\/1056"}],"wp:attachment":[{"href":"https:\/\/hostalnativo.cl\/es\/index.php?rest_route=%2Fwp%2Fv2%2Fmedia&parent=782"}],"curies":[{"name":"wp","href":"https:\/\/api.w.org\/{rel}","templated":true}]}}