{"id":511,"date":"2011-11-04T14:22:31","date_gmt":"2011-11-04T14:22:31","guid":{"rendered":"http:\/\/hostalnativo.cl\/es\/?page_id=511"},"modified":"2013-07-11T15:15:54","modified_gmt":"2013-07-11T15:15:54","slug":"mapa","status":"publish","type":"page","link":"https:\/\/hostalnativo.cl\/es\/?page_id=511","title":{"rendered":"Mapa de Lonquimay"},"content":{"rendered":"<p>\u00a0La Ciudad de Lonquimay fue estructurada en 1937 por el arquitecto Teodoro Schmidt, estableciendo un dise\u00f1o de tres elipses conc\u00e9ntricas que se desarrolla en torno a la plaza central, siendo en ese entonces el l\u00edmite urbano anillo determinado. En el a\u00f1o 1978, se amplia el l\u00edmite urbano desconociendo la matriz conc\u00e9ntrica que le confiere una identidad patrimonial y particular a la ciudad, pero incorporando el plano longitudinal norte sur.<\/p>\n<p>Plano Ciudad de Lonquimay<\/p>\n<p><a href=\"http:\/\/hostalnativo.cl\/es\/wp-content\/uploads\/2011\/11\/mapa_de_lonquimay_ciudad_.jpg\"><img loading=\"lazy\" decoding=\"async\" class=\"aligncenter size-medium wp-image-547\" title=\"mapa_de_lonquimay_ciudad_\" src=\"http:\/\/hostalnativo.cl\/es\/wp-content\/uploads\/2011\/11\/mapa_de_lonquimay_ciudad_-300x258.jpg\" alt=\"\" width=\"300\" height=\"258\" srcset=\"https:\/\/hostalnativo.cl\/es\/wp-content\/uploads\/2011\/11\/mapa_de_lonquimay_ciudad_-300x258.jpg 300w, https:\/\/hostalnativo.cl\/es\/wp-content\/uploads\/2011\/11\/mapa_de_lonquimay_ciudad_.jpg 640w\" sizes=\"(max-width: 300px) 100vw, 300px\" \/><\/a><\/p>\n<p>Mapa Comuna de Lonquimay<\/p>\n<p><a href=\"http:\/\/hostalnativo.cl\/es\/wp-content\/uploads\/2011\/11\/Mapa-Lonquimay2.jpg\"><img loading=\"lazy\" decoding=\"async\" class=\"aligncenter size-medium wp-image-519\" title=\"Mapa Lonquimay\" src=\"http:\/\/hostalnativo.cl\/es\/wp-content\/uploads\/2011\/11\/Mapa-Lonquimay2-300x296.jpg\" alt=\"\" width=\"300\" height=\"296\" srcset=\"https:\/\/hostalnativo.cl\/es\/wp-content\/uploads\/2011\/11\/Mapa-Lonquimay2-300x296.jpg 300w, https:\/\/hostalnativo.cl\/es\/wp-content\/uploads\/2011\/11\/Mapa-Lonquimay2-1024x1011.jpg 1024w, https:\/\/hostalnativo.cl\/es\/wp-content\/uploads\/2011\/11\/Mapa-Lonquimay2.jpg 1813w\" sizes=\"(max-width: 300px) 100vw, 300px\" \/><\/a><\/p>\n","protected":false},"excerpt":{"rendered":"<p>\u00a0La Ciudad de Lonquimay fue estructurada en 1937 por el arquitecto Teodoro Schmidt, estableciendo un dise\u00f1o de tres elipses conc\u00e9ntricas que se desarrolla en torno a la plaza central, siendo en ese entonces el l\u00edmite urbano anillo determinado. En el a\u00f1o 1978, se amplia el l\u00edmite urbano desconociendo la matriz conc\u00e9ntrica que le confiere una identidad patrimonial y particular a la ciudad, pero incorporando el plano longitudinal norte sur. Plano Ciudad de Lonquimay Mapa Comuna de Lonquimay<\/p>\n","protected":false},"author":1,"featured_media":0,"parent":0,"menu_order":0,"comment_status":"open","ping_status":"open","template":"","meta":{"footnotes":""},"_links":{"self":[{"href":"https:\/\/hostalnativo.cl\/es\/index.php?rest_route=\/wp\/v2\/pages\/511"}],"collection":[{"href":"https:\/\/hostalnativo.cl\/es\/index.php?rest_route=\/wp\/v2\/pages"}],"about":[{"href":"https:\/\/hostalnativo.cl\/es\/index.php?rest_route=\/wp\/v2\/types\/page"}],"author":[{"embeddable":true,"href":"https:\/\/hostalnativo.cl\/es\/index.php?rest_route=\/wp\/v2\/users\/1"}],"replies":[{"embeddable":true,"href":"https:\/\/hostalnativo.cl\/es\/index.php?rest_route=%2Fwp%2Fv2%2Fcomments&post=511"}],"version-history":[{"count":8,"href":"https:\/\/hostalnativo.cl\/es\/index.php?rest_route=\/wp\/v2\/pages\/511\/revisions"}],"predecessor-version":[{"id":518,"href":"https:\/\/hostalnativo.cl\/es\/index.php?rest_route=\/wp\/v2\/pages\/511\/revisions\/518"}],"wp:attachment":[{"href":"https:\/\/hostalnativo.cl\/es\/index.php?rest_route=%2Fwp%2Fv2%2Fmedia&parent=511"}],"curies":[{"name":"wp","href":"https:\/\/api.w.org\/{rel}","templated":true}]}}