{"id":4,"date":"2011-06-23T03:06:56","date_gmt":"2011-06-23T03:06:56","guid":{"rendered":"http:\/\/hostalnativo.cl\/es\/?page_id=4"},"modified":"2012-05-17T16:36:40","modified_gmt":"2012-05-17T16:36:40","slug":"quienes-somos","status":"publish","type":"page","link":"https:\/\/hostalnativo.cl\/es\/?page_id=4","title":{"rendered":"Quienes Somos"},"content":{"rendered":"<p>Somos Cote y Cristi\u00e1n, dos aficionados de la naturaleza y encontramos en Lonquimay un lugar donde poder disfrutar de las bondades de los r\u00edos, bosques de Araucarias y muchos otros atractivos, por eso que atendemos a nuestros hu\u00e9spedes de una manera muy especial disfrutando con ellos cada momento, compartiendo sus caminatas, pesca y excursiones acompa\u00f1ado de exquisitos platos \u00fanicos en la zona.<\/p>\n<p style=\"text-align: center;\"><a href=\"http:\/\/hostalnativo.cl\/es\/wp-content\/uploads\/2011\/06\/Hostal_Nativo.jpg\"><img loading=\"lazy\" decoding=\"async\" class=\"aligncenter size-medium wp-image-394\" title=\"Donde dormir en Lonquimay, Donde alojar en Loqnquimay, Alojamiento en Lonquimay, Alojamiento cerca de Pucon,  Pesca con mosca en Lonquimay, trekking en Lonquimay, Comer chivos en Lonquimay\" src=\"http:\/\/hostalnativo.cl\/es\/wp-content\/uploads\/2011\/06\/Hostal_Nativo-300x201.jpg\" alt=\"\" width=\"300\" height=\"201\" srcset=\"https:\/\/hostalnativo.cl\/es\/wp-content\/uploads\/2011\/06\/Hostal_Nativo-300x201.jpg 300w, https:\/\/hostalnativo.cl\/es\/wp-content\/uploads\/2011\/06\/Hostal_Nativo-1024x689.jpg 1024w, https:\/\/hostalnativo.cl\/es\/wp-content\/uploads\/2011\/06\/Hostal_Nativo.jpg 1175w\" sizes=\"(max-width: 300px) 100vw, 300px\" \/><\/a>\u00a0<a href=\"http:\/\/hostalnativo.cl\/es\/wp-content\/uploads\/2011\/06\/X6F48601.jpg\"><img loading=\"lazy\" decoding=\"async\" class=\"aligncenter size-medium wp-image-423\" title=\"Donde dormir en Lonquimay, Donde alojar en Loqnquimay, Alojamiento en Lonquimay, Alojamiento cerca de Pucon, Pesca con mosca en Lonquimay, trekking en Lonquimay, Comer chivos en Lonquimay \" src=\"http:\/\/hostalnativo.cl\/es\/wp-content\/uploads\/2011\/06\/X6F48601-300x199.jpg\" alt=\"\" width=\"300\" height=\"199\" srcset=\"https:\/\/hostalnativo.cl\/es\/wp-content\/uploads\/2011\/06\/X6F48601-300x199.jpg 300w, https:\/\/hostalnativo.cl\/es\/wp-content\/uploads\/2011\/06\/X6F48601-1024x682.jpg 1024w, https:\/\/hostalnativo.cl\/es\/wp-content\/uploads\/2011\/06\/X6F48601.jpg 2000w\" sizes=\"(max-width: 300px) 100vw, 300px\" \/><\/a><\/p>\n<p><a href=\"http:\/\/hostalnativo.cl\/es\/wp-content\/uploads\/2011\/06\/ADORNOS.jpg\"><img loading=\"lazy\" decoding=\"async\" class=\"aligncenter size-medium wp-image-610\" title=\"HOSTAL NATIVO\" src=\"http:\/\/hostalnativo.cl\/es\/wp-content\/uploads\/2011\/06\/ADORNOS-300x225.jpg\" alt=\"\" width=\"300\" height=\"225\" srcset=\"https:\/\/hostalnativo.cl\/es\/wp-content\/uploads\/2011\/06\/ADORNOS-300x225.jpg 300w, https:\/\/hostalnativo.cl\/es\/wp-content\/uploads\/2011\/06\/ADORNOS-80x60.jpg 80w, https:\/\/hostalnativo.cl\/es\/wp-content\/uploads\/2011\/06\/ADORNOS.jpg 1024w\" sizes=\"(max-width: 300px) 100vw, 300px\" \/><\/a><\/p>\n","protected":false},"excerpt":{"rendered":"<p>Somos Cote y Cristi\u00e1n, dos aficionados de la naturaleza y encontramos en Lonquimay un lugar donde poder disfrutar de las bondades de los r\u00edos, bosques de Araucarias y muchos otros atractivos, por eso que atendemos a nuestros hu\u00e9spedes de una manera muy especial disfrutando con ellos cada momento, compartiendo sus caminatas, pesca y excursiones acompa\u00f1ado de exquisitos platos \u00fanicos en la zona. \u00a0<\/p>\n","protected":false},"author":1,"featured_media":5,"parent":0,"menu_order":0,"comment_status":"open","ping_status":"open","template":"","meta":{"footnotes":""},"_links":{"self":[{"href":"https:\/\/hostalnativo.cl\/es\/index.php?rest_route=\/wp\/v2\/pages\/4"}],"collection":[{"href":"https:\/\/hostalnativo.cl\/es\/index.php?rest_route=\/wp\/v2\/pages"}],"about":[{"href":"https:\/\/hostalnativo.cl\/es\/index.php?rest_route=\/wp\/v2\/types\/page"}],"author":[{"embeddable":true,"href":"https:\/\/hostalnativo.cl\/es\/index.php?rest_route=\/wp\/v2\/users\/1"}],"replies":[{"embeddable":true,"href":"https:\/\/hostalnativo.cl\/es\/index.php?rest_route=%2Fwp%2Fv2%2Fcomments&post=4"}],"version-history":[{"count":11,"href":"https:\/\/hostalnativo.cl\/es\/index.php?rest_route=\/wp\/v2\/pages\/4\/revisions"}],"predecessor-version":[{"id":613,"href":"https:\/\/hostalnativo.cl\/es\/index.php?rest_route=\/wp\/v2\/pages\/4\/revisions\/613"}],"wp:featuredmedia":[{"embeddable":true,"href":"https:\/\/hostalnativo.cl\/es\/index.php?rest_route=\/wp\/v2\/media\/5"}],"wp:attachment":[{"href":"https:\/\/hostalnativo.cl\/es\/index.php?rest_route=%2Fwp%2Fv2%2Fmedia&parent=4"}],"curies":[{"name":"wp","href":"https:\/\/api.w.org\/{rel}","templated":true}]}}