{"id":281,"date":"2011-07-29T16:59:27","date_gmt":"2011-07-29T16:59:27","guid":{"rendered":"http:\/\/hostalnativo.cl\/es\/?page_id=281"},"modified":"2011-08-10T00:35:19","modified_gmt":"2011-08-10T00:35:19","slug":"trekking","status":"publish","type":"page","link":"https:\/\/hostalnativo.cl\/es\/?page_id=281","title":{"rendered":"Trekking"},"content":{"rendered":"<p>Ven a disfrutar de nuestras rutas. Ahora te\u00a0mostramos dos\u00a0alternativas. Cons\u00faltanos por otros circuitos.<\/p>\n<p><strong>1.- RUTA MIRADOR DE LOS VOLCANES<\/strong><\/p>\n<p><strong>Periodo de Operaci\u00f3n: <\/strong>Todos los d\u00edas del a\u00f1o,fines de semana, festivos y vacaciones. (Invierno \/ Verano)<\/p>\n<p><strong>Duraci\u00f3n: <\/strong>Medio D\u00eda<\/p>\n<p><strong>Lugar: <\/strong>Cordillera las ra\u00edces sector Los Arenales, Regi\u00f3n de La Araucan\u00eda, Chile.<\/p>\n<p><strong>Senderos: <\/strong>Mirador de Los Volcanes<\/p>\n<p><strong>Actividades: <\/strong>Observaci\u00f3n de flora y fauna, Trekking Patrimonio Cultural Local. (Raquetas de nieve en invierno)<\/p>\n<p><strong>Incluye: <\/strong>Gu\u00eda de Ecoturismo y Monta\u00f1a,\u00a0Box Lunch,\u00a0 Transporte desde Hostal Nativo, ida y regreso.<\/p>\n<p><strong>Sugerencias: <\/strong>Ropa c\u00f3moda para caminatas y de abrigo, zapatos ca\u00f1a alta, anteojos, protector y gorro de sol y fr\u00edo. \u00a0Mochila chica y botella para el agua.<\/p>\n<p>Un viaje para descubrir la rica historia local y vulcanol\u00f3gica de Lonquimay Cordillerano, un recorrido que nos llevar\u00e1 desde Lonquimay hasta la cumbre del Cerro Nueve, desde donde podremos observar a los volcanes Lonquimay, Tolhuaca, Calaqui, Llaima, Villarrica, Lan\u00edn y Sierra Nevada, obteniendo postales \u00fanicas de este maravillosos entorno.<\/p>\n<div>\n<table cellspacing=\"0\" cellpadding=\"0\" align=\"left\">\n<tbody>\n<tr>\n<td align=\"left\" valign=\"top\"><\/td>\n<\/tr>\n<\/tbody>\n<\/table>\n<\/div>\n<p><a href=\"http:\/\/hostalnativo.cl\/es\/wp-content\/uploads\/2011\/07\/Mirador-de-Los-Volcanes.png\"><img loading=\"lazy\" decoding=\"async\" class=\"aligncenter size-medium wp-image-377\" title=\"Mirador de Los Volcanes\" src=\"http:\/\/hostalnativo.cl\/es\/wp-content\/uploads\/2011\/07\/Mirador-de-Los-Volcanes-300x236.png\" alt=\"\" width=\"300\" height=\"236\" srcset=\"https:\/\/hostalnativo.cl\/es\/wp-content\/uploads\/2011\/07\/Mirador-de-Los-Volcanes-300x236.png 300w, https:\/\/hostalnativo.cl\/es\/wp-content\/uploads\/2011\/07\/Mirador-de-Los-Volcanes.png 441w\" sizes=\"(max-width: 300px) 100vw, 300px\" \/><\/a><\/p>\n<p><strong> <\/strong><\/p>\n<p><strong>2.- CASCADA \u00a0ALASKA <\/strong><\/p>\n<p><strong>Periodo de Operaci\u00f3n: <\/strong>Todos los d\u00edas del a\u00f1o \u201cFin de Semanas, festivos y vacaciones\u201d (Invierno \/ Verano)<\/p>\n<p><strong>Duraci\u00f3n: <\/strong>Medio D\u00eda<\/p>\n<p><strong>Lugar: <\/strong>Cordillera las Ra\u00edces sector Alaska, Regi\u00f3n de La Araucan\u00eda, Chile.<\/p>\n<p><strong>Senderos: <\/strong>Cascada Alaska<\/p>\n<p><strong>Actividades: <\/strong>Observaci\u00f3n de flora y fauna, Mitolog\u00eda local, Trekking, Patrimonio Cultural local. (raquetas de nieve en invierno)<\/p>\n<p><strong>Incluye:<\/strong> Entrada,\u00a0Gu\u00eda de Ecoturismo y Monta\u00f1a,\u00a0Box Lunch,\u00a0Transporte desde Hostal Nativo, Ida y regreso. Uso de Raquetas en Invierno.<\/p>\n<p><strong>Sugerencias: <\/strong>Ropa c\u00f3moda para caminatas y de abrigo, zapatos Ca\u00f1a alta, anteojos, protector y gorro de sol y fr\u00edo. Mochila chica y botella para el agua.<\/p>\n<p>Ruta que se extiende a los pies de la cordillera Las ra\u00edces en donde se encuentra una hermosa ca\u00edda de agua de 40 metros de altura, en donde podremos conocer la variada vegetraci\u00f3n del lugra as\u00ed como su historia y rica mitolog\u00eda que nos llevar\u00e1 a un viaje con nuestros ancestros pewenches.<\/p>\n<p class=\"MsoNormal\" style=\"margin: 0cm 0cm 0pt; line-height: normal; mso-layout-grid-align: none;\"><span style=\"font-size: 10pt; color: #003300; line-height: 115%; font-family: Arial; mso-fareast-font-family: Calibri; mso-fareast-language: EN-US; mso-ansi-language: ES; mso-bidi-language: AR-SA;\"><a href=\"http:\/\/hostalnativo.cl\/es\/wp-content\/uploads\/2011\/07\/Cascada-Alaska1.png\"><img loading=\"lazy\" decoding=\"async\" class=\"aligncenter size-medium wp-image-380\" title=\"Cascada Alaska\" src=\"http:\/\/hostalnativo.cl\/es\/wp-content\/uploads\/2011\/07\/Cascada-Alaska1-292x300.png\" alt=\"\" width=\"292\" height=\"300\" srcset=\"https:\/\/hostalnativo.cl\/es\/wp-content\/uploads\/2011\/07\/Cascada-Alaska1-292x300.png 292w, https:\/\/hostalnativo.cl\/es\/wp-content\/uploads\/2011\/07\/Cascada-Alaska1.png 362w\" sizes=\"(max-width: 292px) 100vw, 292px\" \/><\/a><\/span><\/p>\n","protected":false},"excerpt":{"rendered":"<p>Ven a disfrutar de nuestras rutas. Ahora te\u00a0mostramos dos\u00a0alternativas. Cons\u00faltanos por otros circuitos. 1.- RUTA MIRADOR DE LOS VOLCANES Periodo de Operaci\u00f3n: Todos los d\u00edas del a\u00f1o,fines de semana, festivos y vacaciones. (Invierno \/ Verano) Duraci\u00f3n: Medio D\u00eda Lugar: Cordillera las ra\u00edces sector Los Arenales, Regi\u00f3n de La Araucan\u00eda, Chile. Senderos: Mirador de Los Volcanes Actividades: Observaci\u00f3n de flora y fauna, Trekking Patrimonio Cultural Local. (Raquetas de nieve en invierno) Incluye: Gu\u00eda de Ecoturismo y Monta\u00f1a,\u00a0Box Lunch,\u00a0 Transporte desde Hostal<a href=\"https:\/\/hostalnativo.cl\/es\/?page_id=281\">&nbsp;&nbsp;[ Read More ]<\/a><\/p>\n","protected":false},"author":1,"featured_media":0,"parent":0,"menu_order":0,"comment_status":"open","ping_status":"open","template":"","meta":{"footnotes":""},"_links":{"self":[{"href":"https:\/\/hostalnativo.cl\/es\/index.php?rest_route=\/wp\/v2\/pages\/281"}],"collection":[{"href":"https:\/\/hostalnativo.cl\/es\/index.php?rest_route=\/wp\/v2\/pages"}],"about":[{"href":"https:\/\/hostalnativo.cl\/es\/index.php?rest_route=\/wp\/v2\/types\/page"}],"author":[{"embeddable":true,"href":"https:\/\/hostalnativo.cl\/es\/index.php?rest_route=\/wp\/v2\/users\/1"}],"replies":[{"embeddable":true,"href":"https:\/\/hostalnativo.cl\/es\/index.php?rest_route=%2Fwp%2Fv2%2Fcomments&post=281"}],"version-history":[{"count":10,"href":"https:\/\/hostalnativo.cl\/es\/index.php?rest_route=\/wp\/v2\/pages\/281\/revisions"}],"predecessor-version":[{"id":386,"href":"https:\/\/hostalnativo.cl\/es\/index.php?rest_route=\/wp\/v2\/pages\/281\/revisions\/386"}],"wp:attachment":[{"href":"https:\/\/hostalnativo.cl\/es\/index.php?rest_route=%2Fwp%2Fv2%2Fmedia&parent=281"}],"curies":[{"name":"wp","href":"https:\/\/api.w.org\/{rel}","templated":true}]}}