{"id":272,"date":"2011-07-29T16:07:05","date_gmt":"2011-07-29T16:07:05","guid":{"rendered":"http:\/\/hostalnativo.cl\/es\/?page_id=272"},"modified":"2013-02-13T15:03:52","modified_gmt":"2013-02-13T15:03:52","slug":"pesca-deportiva","status":"publish","type":"page","link":"https:\/\/hostalnativo.cl\/es\/?page_id=272","title":{"rendered":"PESCA DEPORTIVA"},"content":{"rendered":"<p>\u00a0<a href=\"http:\/\/hostalnativo.cl\/es\/wp-content\/uploads\/2011\/07\/LOGO1.bmp\"><img decoding=\"async\" class=\"aligncenter size-full wp-image-663\" title=\"PESCA CON MOSCA BIO BIO RIVER LODGE HOSTAL NATIVO\" src=\"http:\/\/hostalnativo.cl\/es\/wp-content\/uploads\/2011\/07\/LOGO1.bmp\" alt=\"LONQUIMAY RIO BIO BIO HOSTAL NATIVO\" \/><\/a><\/p>\n<p>Bio Bio River Lodge<\/p>\n<p>La Experiencia: &#8221; Sintiendo la explaraci\u00f3n y la conquista&#8221;<\/p>\n<p>El <strong>B\u00edo B\u00edo River Lodge<\/strong> ha sido concebido para entregarles a nuestros hu\u00e9spedes un <strong>Servicio Premium <\/strong>que incluye las actividades, el alojamiento, todas las comidas y bebidas en un espacio confortable y exclusivo , con servicios de <strong>fly fishing<\/strong> y <strong>actividades outdoors \u00fanicas<\/strong> para nuestros clientes.<br \/>\nUn lugar \u00fanico: \u201cLa experiencia de estar en medio de naturaleza salvaje a metros del <strong>r\u00edo B\u00edo B\u00edo<\/strong>, rodeado de bosque nativo de robles, lengas, \u00f1irres y araucarias, divisando patos cortacorrientes, zorros y aves en medio del murmullo del Bio Bio, s\u00f3lo ah\u00ed te dar\u00e1s cuenta que est\u00e1s en un <strong>lugar \u00fanico y privilegiado<\/strong>.\u201d<br \/>\nNuestra operaci\u00f3n ha sido dise\u00f1ada para atender un grupo a la vez, con exclusividad. <strong>Amplias posibilidades de pesca y aventuras<\/strong> a la medida de nuestro cliente, junto a una estad\u00eda placentera y entretenida en todos los sentidos hacen de la experiencia en la estepa alto andina como \u00fanica e inolvidable, donde todos los detalles nos importan. Descubrir\u00e1s en la patagonia andina a <strong>Lonquimay<\/strong> y nuestro lodge con un <strong>fly fishing<\/strong> del m\u00e1s alto nivel.<\/p>\n<p><a href=\"http:\/\/hostalnativo.cl\/es\/wp-content\/uploads\/2011\/07\/PESCA-CON-MOSCA-LONQUIMAY1.bmp\"><img loading=\"lazy\" decoding=\"async\" class=\"aligncenter size-full wp-image-660\" title=\"PESCA CON MOSCA LONQUIMAY HOSTAL NATIVO\" src=\"http:\/\/hostalnativo.cl\/es\/wp-content\/uploads\/2011\/07\/PESCA-CON-MOSCA-LONQUIMAY1.bmp\" alt=\"BIO BIO RIVER LODGE HOSTAL NATIVO\" width=\"456\" height=\"235\" \/><\/a><\/p>\n<p><a href=\"http:\/\/hostalnativo.cl\/es\/wp-content\/uploads\/2011\/07\/PESCA-CON-MOSCA-LONQUIMAY.bmp\"><\/a><a href=\"http:\/\/hostalnativo.cl\/es\/wp-content\/uploads\/2011\/07\/PESCA-CON-MOSCA-BIO-BIO1.bmp\"><img loading=\"lazy\" decoding=\"async\" class=\"aligncenter size-full wp-image-667\" title=\"PESCA CON MOSCA BIO BIO\" src=\"http:\/\/hostalnativo.cl\/es\/wp-content\/uploads\/2011\/07\/PESCA-CON-MOSCA-BIO-BIO1.bmp\" alt=\"HOSTAL NATIVO LONQUIMAY\" width=\"452\" height=\"204\" \/><\/a><a href=\"http:\/\/hostalnativo.cl\/es\/wp-content\/uploads\/2011\/07\/Pesca.jpg\"><\/a><\/p>\n","protected":false},"excerpt":{"rendered":"<p>\u00a0 Bio Bio River Lodge La Experiencia: &#8221; Sintiendo la explaraci\u00f3n y la conquista&#8221; El B\u00edo B\u00edo River Lodge ha sido concebido para entregarles a nuestros hu\u00e9spedes un Servicio Premium que incluye las actividades, el alojamiento, todas las comidas y bebidas en un espacio confortable y exclusivo , con servicios de fly fishing y actividades outdoors \u00fanicas para nuestros clientes. Un lugar \u00fanico: \u201cLa experiencia de estar en medio de naturaleza salvaje a metros del r\u00edo B\u00edo B\u00edo, rodeado de<a href=\"https:\/\/hostalnativo.cl\/es\/?page_id=272\">&nbsp;&nbsp;[ Read More ]<\/a><\/p>\n","protected":false},"author":1,"featured_media":0,"parent":0,"menu_order":0,"comment_status":"open","ping_status":"open","template":"","meta":{"footnotes":""},"_links":{"self":[{"href":"https:\/\/hostalnativo.cl\/es\/index.php?rest_route=\/wp\/v2\/pages\/272"}],"collection":[{"href":"https:\/\/hostalnativo.cl\/es\/index.php?rest_route=\/wp\/v2\/pages"}],"about":[{"href":"https:\/\/hostalnativo.cl\/es\/index.php?rest_route=\/wp\/v2\/types\/page"}],"author":[{"embeddable":true,"href":"https:\/\/hostalnativo.cl\/es\/index.php?rest_route=\/wp\/v2\/users\/1"}],"replies":[{"embeddable":true,"href":"https:\/\/hostalnativo.cl\/es\/index.php?rest_route=%2Fwp%2Fv2%2Fcomments&post=272"}],"version-history":[{"count":13,"href":"https:\/\/hostalnativo.cl\/es\/index.php?rest_route=\/wp\/v2\/pages\/272\/revisions"}],"predecessor-version":[{"id":286,"href":"https:\/\/hostalnativo.cl\/es\/index.php?rest_route=\/wp\/v2\/pages\/272\/revisions\/286"}],"wp:attachment":[{"href":"https:\/\/hostalnativo.cl\/es\/index.php?rest_route=%2Fwp%2Fv2%2Fmedia&parent=272"}],"curies":[{"name":"wp","href":"https:\/\/api.w.org\/{rel}","templated":true}]}}