{"id":217,"date":"2011-07-28T17:47:17","date_gmt":"2011-07-28T17:47:17","guid":{"rendered":"http:\/\/hostalnativo.cl\/es\/?page_id=217"},"modified":"2022-10-27T21:55:00","modified_gmt":"2022-10-27T21:55:00","slug":"cabalgatas","status":"publish","type":"page","link":"http:\/\/hostalnativo.cl\/es\/?page_id=217","title":{"rendered":"Venta De Propiedades"},"content":{"rendered":"<p>Tenemos disponibles sitios y parcelas dentro de la Comuna de Lonquimay, con bosque, con orilla de R\u00edo B\u00edo B\u00edo. Adem\u00e1s tenemos propiedades comerciales en Lonquimay y Malalcahuello.<\/p>\n","protected":false},"excerpt":{"rendered":"<p>Tenemos disponibles sitios y parcelas dentro de la Comuna de Lonquimay, con bosque, con orilla de R\u00edo B\u00edo B\u00edo. Adem\u00e1s tenemos propiedades comerciales en Lonquimay y Malalcahuello.<\/p>\n","protected":false},"author":1,"featured_media":0,"parent":0,"menu_order":0,"comment_status":"open","ping_status":"open","template":"","meta":{"footnotes":""},"_links":{"self":[{"href":"http:\/\/hostalnativo.cl\/es\/index.php?rest_route=\/wp\/v2\/pages\/217"}],"collection":[{"href":"http:\/\/hostalnativo.cl\/es\/index.php?rest_route=\/wp\/v2\/pages"}],"about":[{"href":"http:\/\/hostalnativo.cl\/es\/index.php?rest_route=\/wp\/v2\/types\/page"}],"author":[{"embeddable":true,"href":"http:\/\/hostalnativo.cl\/es\/index.php?rest_route=\/wp\/v2\/users\/1"}],"replies":[{"embeddable":true,"href":"http:\/\/hostalnativo.cl\/es\/index.php?rest_route=%2Fwp%2Fv2%2Fcomments&post=217"}],"version-history":[{"count":19,"href":"http:\/\/hostalnativo.cl\/es\/index.php?rest_route=\/wp\/v2\/pages\/217\/revisions"}],"predecessor-version":[{"id":1040,"href":"http:\/\/hostalnativo.cl\/es\/index.php?rest_route=\/wp\/v2\/pages\/217\/revisions\/1040"}],"wp:attachment":[{"href":"http:\/\/hostalnativo.cl\/es\/index.php?rest_route=%2Fwp%2Fv2%2Fmedia&parent=217"}],"curies":[{"name":"wp","href":"https:\/\/api.w.org\/{rel}","templated":true}]}}