{"id":10,"date":"2011-06-23T03:22:03","date_gmt":"2011-06-23T03:22:03","guid":{"rendered":"http:\/\/hostalnativo.cl\/es\/?page_id=10"},"modified":"2016-07-25T21:46:23","modified_gmt":"2016-07-25T21:46:23","slug":"habitaciones","status":"publish","type":"page","link":"http:\/\/hostalnativo.cl\/es\/?page_id=10","title":{"rendered":"Hostal"},"content":{"rendered":"<p><a href=\"http:\/\/hostalnativo.cl\/es\/wp-content\/uploads\/2011\/06\/CABA\u00d1A-MALALCAHUELLO5.jpg\"><\/a>\u00bf Donde dormir en Lonquimay o Malalcahuello?<\/p>\n<p>Tenemos a su disposici\u00f3n, un Hostal y dos Caba\u00f1as en el Centro de Lonquimay con todas las comodidades para su estad\u00eda. Tambi\u00e9n ponemos a su disposici\u00f3n una Caba\u00f1a en Malalcahuello. Abajo se detallan cada una de estas instalaciones.<\/p>\n<p>Contamos con los siguientes tipos de Habitaciones en Hostal Nativo:<\/p>\n<p style=\"text-align: center;\"><a href=\"http:\/\/hostalnativo.cl\/es\/wp-content\/uploads\/2011\/06\/FACHADA-HOSTAL-NATIVO.jpg\"><img loading=\"lazy\" decoding=\"async\" title=\"\u00bf Donde dormir en Lonquimay ?\" class=\"aligncenter size-medium wp-image-552\" src=\"http:\/\/hostalnativo.cl\/es\/wp-content\/uploads\/2011\/06\/FACHADA-HOSTAL-NATIVO-300x225.jpg\" alt=\"ALOJAMIENTO, RESTAURANT, \u00bf DONDE COMER EN LONQUIMAY ?, \u00bf DONDE DORMIR EN LONQUIMAY ?\" width=\"300\" height=\"225\" srcset=\"http:\/\/hostalnativo.cl\/es\/wp-content\/uploads\/2011\/06\/FACHADA-HOSTAL-NATIVO-300x225.jpg 300w, http:\/\/hostalnativo.cl\/es\/wp-content\/uploads\/2011\/06\/FACHADA-HOSTAL-NATIVO-1024x768.jpg 1024w, http:\/\/hostalnativo.cl\/es\/wp-content\/uploads\/2011\/06\/FACHADA-HOSTAL-NATIVO-80x60.jpg 80w, http:\/\/hostalnativo.cl\/es\/wp-content\/uploads\/2011\/06\/FACHADA-HOSTAL-NATIVO.jpg 2048w\" sizes=\"(max-width: 300px) 100vw, 300px\" \/><\/a><\/p>\n<ul>\n<li><strong>HABITACIONES\u00a0MATRIMONIALES<\/strong><\/li>\n<\/ul>\n<p><strong> <\/strong>Habitaci\u00f3nes con ba\u00f1o en Suite totalmente equipado, Tv Cable y calefacci\u00f3n.<\/p>\n<p><a href=\"http:\/\/hostalnativo.cl\/es\/wp-content\/uploads\/2011\/06\/HABITACI\u00d3N-EN-SUITE.jpg\"><\/a><\/p>\n<p style=\"text-align: center;\"><a href=\"http:\/\/hostalnativo.cl\/es\/wp-content\/uploads\/2011\/06\/P31600701.jpg\"><\/a><\/p>\n<p><strong><a href=\"http:\/\/hostalnativo.cl\/es\/wp-content\/uploads\/2011\/06\/BA\u00d1O-EN-SUITE.jpg\"><img loading=\"lazy\" decoding=\"async\" title=\"BA\u00d1O EN SUITE\" class=\"aligncenter size-medium wp-image-601\" src=\"http:\/\/hostalnativo.cl\/es\/wp-content\/uploads\/2011\/06\/BA\u00d1O-EN-SUITE-225x300.jpg\" alt=\"\" width=\"225\" height=\"300\" srcset=\"http:\/\/hostalnativo.cl\/es\/wp-content\/uploads\/2011\/06\/BA\u00d1O-EN-SUITE-225x300.jpg 225w, http:\/\/hostalnativo.cl\/es\/wp-content\/uploads\/2011\/06\/BA\u00d1O-EN-SUITE.jpg 768w\" sizes=\"(max-width: 225px) 100vw, 225px\" \/><\/a><\/strong><\/p>\n<p><a href=\"http:\/\/hostalnativo.cl\/es\/wp-content\/uploads\/2011\/06\/IMG_7006.jpg\"><img loading=\"lazy\" decoding=\"async\" title=\"HABITACION MATRIMONIAL BA\u00d1O PRIVADO\" class=\"aligncenter size-medium wp-image-846\" src=\"http:\/\/hostalnativo.cl\/es\/wp-content\/uploads\/2011\/06\/IMG_7006-300x200.jpg\" alt=\"LONQUIMAY\" width=\"300\" height=\"200\" srcset=\"http:\/\/hostalnativo.cl\/es\/wp-content\/uploads\/2011\/06\/IMG_7006-300x200.jpg 300w, http:\/\/hostalnativo.cl\/es\/wp-content\/uploads\/2011\/06\/IMG_7006.jpg 720w\" sizes=\"(max-width: 300px) 100vw, 300px\" \/><\/a><\/p>\n<p><a href=\"http:\/\/hostalnativo.cl\/es\/wp-content\/uploads\/2011\/06\/IMG_7012.jpg\"><img loading=\"lazy\" decoding=\"async\" title=\"HABITACION MATRIMONIAL BA\u00d1O PRIVADO\" class=\"aligncenter size-medium wp-image-847\" src=\"http:\/\/hostalnativo.cl\/es\/wp-content\/uploads\/2011\/06\/IMG_7012-300x200.jpg\" alt=\"A 30 MINUTOS DE CORRALCO\" width=\"300\" height=\"200\" srcset=\"http:\/\/hostalnativo.cl\/es\/wp-content\/uploads\/2011\/06\/IMG_7012-300x200.jpg 300w, http:\/\/hostalnativo.cl\/es\/wp-content\/uploads\/2011\/06\/IMG_7012.jpg 720w\" sizes=\"(max-width: 300px) 100vw, 300px\" \/><\/a><\/p>\n<p>Habitaci\u00f3n matrimonial, con calefacci\u00f3n, Tv Cable y ba\u00f1o PRIVADO<\/p>\n<p><a href=\"http:\/\/hostalnativo.cl\/es\/wp-content\/uploads\/2011\/06\/HABITACION-MATRIMONIAL.jpg\"><\/a><\/p>\n<ul>\n<li><strong>HABITACIONES DOBLES<\/strong><\/li>\n<\/ul>\n<p>Tres habitaciones dobles, con calefaci\u00f3n y ba\u00f1os privados o compartidos.<\/p>\n<p><a href=\"http:\/\/hostalnativo.cl\/es\/wp-content\/uploads\/2011\/06\/IMG_7016.jpg\"><img loading=\"lazy\" decoding=\"async\" title=\"HABITACION DOBLE \" class=\"aligncenter size-medium wp-image-848\" src=\"http:\/\/hostalnativo.cl\/es\/wp-content\/uploads\/2011\/06\/IMG_7016-300x200.jpg\" alt=\"BA\u00d1O PRIVADO\" width=\"300\" height=\"200\" srcset=\"http:\/\/hostalnativo.cl\/es\/wp-content\/uploads\/2011\/06\/IMG_7016-300x200.jpg 300w, http:\/\/hostalnativo.cl\/es\/wp-content\/uploads\/2011\/06\/IMG_7016.jpg 720w\" sizes=\"(max-width: 300px) 100vw, 300px\" \/><\/a><\/p>\n<p style=\"text-align: center;\"><a href=\"http:\/\/hostalnativo.cl\/es\/wp-content\/uploads\/2011\/06\/P3160065.jpg\"><\/a><\/p>\n<p><strong><a href=\"http:\/\/hostalnativo.cl\/es\/wp-content\/uploads\/2011\/06\/IMG_7014.jpg\"><img loading=\"lazy\" decoding=\"async\" title=\"HABITACIONES DOBLES\" class=\"aligncenter size-medium wp-image-849\" src=\"http:\/\/hostalnativo.cl\/es\/wp-content\/uploads\/2011\/06\/IMG_7014-300x200.jpg\" alt=\"A 30 MINUTOS DE CORRALCO\" width=\"300\" height=\"200\" srcset=\"http:\/\/hostalnativo.cl\/es\/wp-content\/uploads\/2011\/06\/IMG_7014-300x200.jpg 300w, http:\/\/hostalnativo.cl\/es\/wp-content\/uploads\/2011\/06\/IMG_7014.jpg 720w\" sizes=\"(max-width: 300px) 100vw, 300px\" \/><\/a><\/strong><\/p>\n<ul>\n<li><strong>HABITACION TRIPLE <\/strong><\/li>\n<\/ul>\n<p><strong> <\/strong>Una habitaci\u00f3n con un camarote y una cama,\u00a0con calefacci\u00f3n y ba\u00f1os compartidos.<\/p>\n<p><a href=\"http:\/\/hostalnativo.cl\/es\/wp-content\/uploads\/2011\/06\/HABITACION-TRIPLE.jpg\"><img loading=\"lazy\" decoding=\"async\" title=\"HABITACION TRIPLE\" class=\"aligncenter size-medium wp-image-603\" src=\"http:\/\/hostalnativo.cl\/es\/wp-content\/uploads\/2011\/06\/HABITACION-TRIPLE-225x300.jpg\" alt=\"\" width=\"225\" height=\"300\" srcset=\"http:\/\/hostalnativo.cl\/es\/wp-content\/uploads\/2011\/06\/HABITACION-TRIPLE-225x300.jpg 225w, http:\/\/hostalnativo.cl\/es\/wp-content\/uploads\/2011\/06\/HABITACION-TRIPLE.jpg 768w\" sizes=\"(max-width: 225px) 100vw, 225px\" \/><\/a><\/p>\n<p><a href=\"http:\/\/hostalnativo.cl\/es\/wp-content\/uploads\/2011\/06\/P3160069.jpg\"><\/a><\/p>\n<ul>\n<li><strong>SALA DE ESTAR<\/strong><\/li>\n<\/ul>\n<p>Contamos con una sala de estar com\u00fan, con\u00a0WIFI.<\/p>\n<p><a href=\"http:\/\/hostalnativo.cl\/es\/wp-content\/uploads\/2011\/06\/SALA-DE-ESTAR.jpg\"><img loading=\"lazy\" decoding=\"async\" title=\"SALA DE ESTAR\" class=\"aligncenter size-medium wp-image-604\" src=\"http:\/\/hostalnativo.cl\/es\/wp-content\/uploads\/2011\/06\/SALA-DE-ESTAR-300x225.jpg\" alt=\"\" width=\"300\" height=\"225\" srcset=\"http:\/\/hostalnativo.cl\/es\/wp-content\/uploads\/2011\/06\/SALA-DE-ESTAR-300x225.jpg 300w, http:\/\/hostalnativo.cl\/es\/wp-content\/uploads\/2011\/06\/SALA-DE-ESTAR-80x60.jpg 80w, http:\/\/hostalnativo.cl\/es\/wp-content\/uploads\/2011\/06\/SALA-DE-ESTAR.jpg 1024w\" sizes=\"(max-width: 300px) 100vw, 300px\" \/><\/a><\/p>\n<p><a href=\"http:\/\/hostalnativo.cl\/es\/wp-content\/uploads\/2011\/06\/P3160055.jpg\"><\/a><\/p>\n<p><a href=\"http:\/\/hostalnativo.cl\/es\/wp-content\/uploads\/2011\/06\/2013-07-08-16.40.05.jpg\"><\/a><\/p>\n<p><a href=\"http:\/\/hostalnativo.cl\/es\/wp-content\/uploads\/2011\/06\/2013-07-08-16.41.36.jpg\"><\/a><a href=\"http:\/\/hostalnativo.cl\/es\/wp-content\/uploads\/2011\/06\/2013-07-08-16.42.32.jpg\"><\/a><\/p>\n<p><a href=\"http:\/\/hostalnativo.cl\/es\/wp-content\/uploads\/2011\/06\/2013-07-08-16.42.18.jpg\"><\/a><\/p>\n<p><a href=\"http:\/\/hostalnativo.cl\/es\/wp-content\/uploads\/2011\/06\/IMG_1539.jpg\"><\/a><\/p>\n","protected":false},"excerpt":{"rendered":"<p>\u00bf Donde dormir en Lonquimay o Malalcahuello? Tenemos a su disposici\u00f3n, un Hostal y dos Caba\u00f1as en el Centro de Lonquimay con todas las comodidades para su estad\u00eda. Tambi\u00e9n ponemos a su disposici\u00f3n una Caba\u00f1a en Malalcahuello. Abajo se detallan cada una de estas instalaciones. Contamos con los siguientes tipos de Habitaciones en Hostal Nativo: HABITACIONES\u00a0MATRIMONIALES Habitaci\u00f3nes con ba\u00f1o en Suite totalmente equipado, Tv Cable y calefacci\u00f3n. Habitaci\u00f3n matrimonial, con calefacci\u00f3n, Tv Cable y ba\u00f1o PRIVADO HABITACIONES DOBLES Tres habitaciones<a href=\"http:\/\/hostalnativo.cl\/es\/?page_id=10\">&nbsp;&nbsp;[ Read More ]<\/a><\/p>\n","protected":false},"author":1,"featured_media":0,"parent":0,"menu_order":0,"comment_status":"open","ping_status":"open","template":"","meta":{"footnotes":""},"_links":{"self":[{"href":"http:\/\/hostalnativo.cl\/es\/index.php?rest_route=\/wp\/v2\/pages\/10"}],"collection":[{"href":"http:\/\/hostalnativo.cl\/es\/index.php?rest_route=\/wp\/v2\/pages"}],"about":[{"href":"http:\/\/hostalnativo.cl\/es\/index.php?rest_route=\/wp\/v2\/types\/page"}],"author":[{"embeddable":true,"href":"http:\/\/hostalnativo.cl\/es\/index.php?rest_route=\/wp\/v2\/users\/1"}],"replies":[{"embeddable":true,"href":"http:\/\/hostalnativo.cl\/es\/index.php?rest_route=%2Fwp%2Fv2%2Fcomments&post=10"}],"version-history":[{"count":53,"href":"http:\/\/hostalnativo.cl\/es\/index.php?rest_route=\/wp\/v2\/pages\/10\/revisions"}],"predecessor-version":[{"id":180,"href":"http:\/\/hostalnativo.cl\/es\/index.php?rest_route=\/wp\/v2\/pages\/10\/revisions\/180"}],"wp:attachment":[{"href":"http:\/\/hostalnativo.cl\/es\/index.php?rest_route=%2Fwp%2Fv2%2Fmedia&parent=10"}],"curies":[{"name":"wp","href":"https:\/\/api.w.org\/{rel}","templated":true}]}}